{"id":2579,"date":"2026-03-12T22:38:00","date_gmt":"2026-03-13T02:38:00","guid":{"rendered":"https:\/\/www.crysalia.com\/?page_id=2579"},"modified":"2026-04-03T18:11:58","modified_gmt":"2026-04-03T22:11:58","slug":"conseiller-ere-bilingue-en-developpement-du-capital-humain","status":"publish","type":"page","link":"https:\/\/www.crysalia.com\/fr\/conseiller-ere-bilingue-en-developpement-du-capital-humain\/","title":{"rendered":"Conseiller.\u00e8re bilingue en d\u00e9veloppement du capital humain"},"content":{"rendered":"\n\n\t\t\t\t<a href=\"\/\" target=\"_self\"  itemprop=\"url\">\n\t\t\t\t<img decoding=\"async\" src=\"\/wp-content\/uploads\/2021\/04\/Crysalia-logo-rev.svg\" alt=\"Crysalia Enterprising Family Advisory white logo\" itemprop=\"image\" srcset=\"\/wp-content\/uploads\/2021\/04\/Crysalia-logo-rev.svg 1x, 2x\"\/>\n\t\t\t\t<\/a>\n\t\t\t\t\t<ul id=\"menu-menu-principal\"><li id=\"menu-item-599\"><a href=\"https:\/\/www.crysalia.com\/fr\/solutions-pour-familles-en-affaires\/\">Solutions<\/a><\/li>\n<li id=\"menu-item-600\"><a href=\"https:\/\/www.crysalia.com\/fr\/idees\/\">Id\u00e9es<\/a><\/li>\n<li id=\"menu-item-601\"><a href=\"https:\/\/www.crysalia.com\/fr\/qui-nous-sommes\/\">Qui nous sommes<\/a><\/li>\n<li id=\"menu-item-602\"><a href=\"https:\/\/www.crysalia.com\/fr\/faire-carriere-avec-nous\/\">Carri\u00e8res<\/a><\/li>\n<li id=\"menu-item-1902\"><a href=\"https:\/\/www.crysalia.com\/fr\/analys\/\">Analys<\/a><\/li>\n<li id=\"menu-item-603\"><a href=\"https:\/\/www.crysalia.com\/fr\/pour-nous-joindre\/\">Nous joindre<\/a><\/li>\n<li id=\"menu-item-wpml-ls-2-en\"><a title=\"EN\" href=\"https:\/\/www.crysalia.com\/bilingual-human-capital-development-advisor\/\">EN<\/a><\/li>\n<\/ul>\t\n\t\t\t\t \t\t\t\t\t\t<ul id=\"menu-menu-principal-1\"><li id=\"menu-item-599\"><a href=\"https:\/\/www.crysalia.com\/fr\/solutions-pour-familles-en-affaires\/\">Solutions<\/a><\/li>\n<li id=\"menu-item-600\"><a href=\"https:\/\/www.crysalia.com\/fr\/idees\/\">Id\u00e9es<\/a><\/li>\n<li id=\"menu-item-601\"><a href=\"https:\/\/www.crysalia.com\/fr\/qui-nous-sommes\/\">Qui nous sommes<\/a><\/li>\n<li id=\"menu-item-602\"><a href=\"https:\/\/www.crysalia.com\/fr\/faire-carriere-avec-nous\/\">Carri\u00e8res<\/a><\/li>\n<li id=\"menu-item-1902\"><a href=\"https:\/\/www.crysalia.com\/fr\/analys\/\">Analys<\/a><\/li>\n<li id=\"menu-item-603\"><a href=\"https:\/\/www.crysalia.com\/fr\/pour-nous-joindre\/\">Nous joindre<\/a><\/li>\n<li id=\"menu-item-wpml-ls-2-en\"><a title=\"EN\" href=\"https:\/\/www.crysalia.com\/bilingual-human-capital-development-advisor\/\">EN<\/a><\/li>\n<\/ul>\t\t\t\t\n\t\t\t<h1>\n\t\tConseiller.\u00e8re bilingue en d\u00e9veloppement du capital humain \n\t<\/h1>\n\t\t\t<a href=\"#careers-form\" target=\"_self\"   role=\"button\" aria-label=\"TRAVAILLER CHEZ CRYSALIA\">\n\t\t\t\t\t\t\tTRAVAILLER CHEZ CRYSALIA\n\t\t<\/a>\n<h4>\n\t\tConseiller.\u00e8re bilingue en d\u00e9veloppement du capital humain \n\t<\/h4>\n\t<p>Joignez-vous \u00e0 Crysalia, un cabinet-conseil sp\u00e9cialis\u00e9 dans le d\u00e9veloppement du capital humain. Nous accompagnons les familles en affaires, les \u00e9quipes de direction et les organisations dans leurs enjeux de d\u00e9veloppement du leadership, planification strat\u00e9gique et successorale, gouvernance, transformation des organisations et des bureaux familiaux &#8211; \u00e0 l&rsquo;\u00e9chelle de l&rsquo;Am\u00e9rique du Nord.<\/p>\n<p>Depuis plus de 35 ans, nous sommes reconnus pour la qualit\u00e9 strat\u00e9gique et personnalis\u00e9e de nos interventions. Notre approche s&rsquo;appuie sur des diagnostics exclusifs, des \u00e9valuations de potentiel et des mod\u00e8les \u00e9prouv\u00e9s, adapt\u00e9s \u00e0 la r\u00e9alit\u00e9 unique de chaque client.<\/p>\n<p>Chez Crysalia, nous croyons que le meilleur travail na\u00eet de la collaboration et du cod\u00e9veloppement. Chaque membre de notre \u00e9quipe contribue pleinement &#8211; et c&rsquo;est ce qui cr\u00e9e un impact durable pour nos clients corporatifs et pour les familles en affaires, g\u00e9n\u00e9ration apr\u00e8s g\u00e9n\u00e9ration.<\/p>\n<h4>\n\t\tSurvol du poste\n\t<\/h4>\n\t<p>Sous la responsabilit\u00e9 de notre Directrice g\u00e9n\u00e9rale, vous \u00e9voluerez au sein d&rsquo;une \u00e9quipe exp\u00e9riment\u00e9e pour soutenir activement la livraison de mandats vari\u00e9s et stimulants aupr\u00e8s de deux client\u00e8les distinctes : des familles en affaires multig\u00e9n\u00e9rationnelles, et des gestionnaires et dirigeants d&rsquo;entreprises de toutes tailles.<\/p>\n<p>Concr\u00e8tement, vous contribuerez \u00e0 des d\u00e9marches touchant les transformations organisationnelles, le d\u00e9veloppement du leadership, les dynamiques interpersonnelles, la gouvernance, la planification strat\u00e9gique et la transmission interg\u00e9n\u00e9rationnelle.<\/p>\n<p>Ce poste s&rsquo;adresse \u00e0 une personne curieuse, rigoureuse et dot\u00e9e d&rsquo;une r\u00e9elle sensibilit\u00e9 humaine, quelqu&rsquo;un qui souhaite grandir et exceller dans son m\u00e9tier de conseiller.\u00e8re et qui a \u00e0 c\u0153ur la r\u00e9ussite de l&rsquo;\u00e9quipe.<\/p>\n<h4>\n\t\tPrincipales responsabilit\u00e9s\n\t<\/h4>\n\t<p><strong>Service-Conseil<\/strong><\/p>\n<ul>\n<li>Soutenir activement la conception, la mise en \u0153uvre, la gestion et le suivi des d\u00e9marches clients, en collaboration avec des coll\u00e8gues, pour atteindre les r\u00e9sultats souhait\u00e9s.<\/li>\n<li>Contribuer \u00e0 la conception, la pr\u00e9paration, l&rsquo;animation et la documentation de divers forums, incluant des ateliers, conf\u00e9rences, sessions de travail, et formations.<\/li>\n<li>Collaborer avec des coll\u00e8gues \u00e0 l&rsquo;\u00e9laboration de constats, recommandations, et synth\u00e8ses au moyen de divers livrables, pour fin de pr\u00e9sentation client.<\/li>\n<\/ul>\n<p><strong>\u00c9valuation et d\u00e9veloppement du talent <\/strong><\/p>\n<ul>\n<li>Collaborer avec des coll\u00e8gues pour r\u00e9aliser des \u00e9valuations de profils de personnalit\u00e9 individuels, dans divers contextes (d\u00e9veloppement, s\u00e9lection, orientation).<\/li>\n<li>Contribuer \u00e0 l&rsquo;\u00e9laboration et \u00e0 la pr\u00e9sentation de profils de famille et d&rsquo;\u00e9quipe.<\/li>\n<li>Administrer et interpr\u00e9ter des \u00e9valuations 360\u00b0 et des profils de personnalit\u00e9 en soutien \u00e0 des d\u00e9marches de coaching individuelles.<\/li>\n<li>Identifier les forces, les leviers de croissance et les priorit\u00e9s de d\u00e9veloppement des participants aux d\u00e9marches d&rsquo;\u00e9valuation.<\/li>\n<\/ul>\n<p><strong>Gestion interne<\/strong><\/p>\n<ul>\n<li>Contribuer \u00e0 la coordination et la gestion efficace de divers projets.<\/li>\n<li>Participer activement \u00e0 l&rsquo;\u00e9laboration d&rsquo;outils et de contenu diversifi\u00e9s et personnalis\u00e9s.<\/li>\n<li>Soutenir le rayonnement et le d\u00e9veloppement des affaires en contribuant aux activit\u00e9s de communication, marketing et repr\u00e9sentation.<\/li>\n<\/ul>\n<h4>\n\t\tCe que vous apportez au r\u00f4le\n\t<\/h4>\n\t<p><strong>Formation et exp\u00e9rience<\/strong><\/p>\n<ul>\n<li>Dipl\u00f4me d&rsquo;\u00e9tudes sup\u00e9rieures en psychologie organisationnelle, comportement ou d\u00e9veloppement organisationnel, ou tout autre domaine pertinent.<\/li>\n<li>2 \u00e0 5 ans d&rsquo;exp\u00e9rience pertinente, id\u00e9alement dans un contexte de conseil, d&rsquo;accompagnement ou d&rsquo;intervention en milieu complexe.<\/li>\n<li>Bilinguisme, en fran\u00e7ais et en anglais, tant \u00e0 l&rsquo;oral qu&rsquo;\u00e0 l&rsquo;\u00e9crit.<\/li>\n<li>Aisance technologique et ma\u00eetrise avanc\u00e9e de la suite MS Office.<\/li>\n<\/ul>\n<p><strong>Comp\u00e9tences cl\u00e9s<\/strong><\/p>\n<ul>\n<li>Curiosit\u00e9 pour les enjeux complexes du monde des affaires et des familles en affaires.<\/li>\n<li>Solides habilet\u00e9s de communication, pr\u00e9sentation, r\u00e9daction et synth\u00e8se d&rsquo;information complexe.<\/li>\n<li>Capacit\u00e9 \u00e0 collaborer, cocr\u00e9er et soutenir des coll\u00e8gues, m\u00eame sous pression.<\/li>\n<li>Agilit\u00e9, r\u00e9silience, \u00e9thique de travail, esprit critique, empathie, et professionnalisme dans la gestion de situations complexes et d&rsquo;\u00e9ch\u00e9anciers serr\u00e9s avec des clients sophistiqu\u00e9s.<\/li>\n<li>Profond d\u00e9sir d&rsquo;apprendre et de se d\u00e9velopper, notamment \u00e0 travers la r\u00e9troaction constructive.<\/li>\n<li>Adh\u00e9sion sinc\u00e8re \u00e0 nos valeurs de courage, authenticit\u00e9, bienveillance et confiance dans vos interactions avec clients et coll\u00e8gues.<\/li>\n<\/ul>\n<h4>\n\t\tLes avantages de travailler chez Crysalia\n\t<\/h4>\n\t<ul>\n<li>Une \u00e9quipe \u00e0 taille humaine, passionn\u00e9e et engag\u00e9e, soucieuse de tirer parti de nos forces mutuelles et de nous donner nos conditions gagnantes.<\/li>\n<li>Un portefeuille bien \u00e9tabli de clients diversifi\u00e9s dans une vaste gamme de mandats stimulants et d&rsquo;envergure.<\/li>\n<li>Une r\u00e9mun\u00e9ration comp\u00e9titive, un plan cellulaire et l&rsquo;acc\u00e8s \u00e0 des assurances collectives g\u00e9n\u00e9reuses.<\/li>\n<li>Une politique de vacances g\u00e9n\u00e9reuse et flexible.<\/li>\n<li>Un environnement de travail hybride flexible et des journ\u00e9es de travail au bureau d\u00e9di\u00e9es \u00e0 la connexion en \u00e9quipe.<\/li>\n<li>Un engagement concret envers le d\u00e9veloppement professionnel, dans une culture qui valorise la diversit\u00e9, l&rsquo;inclusion et la croissance de tous.<\/li>\n<\/ul>\n\t<p>Toutes les candidatures seront \u00e9tudi\u00e9es jusqu&rsquo;au <strong>vendredi 1er mai 2026<\/strong>.<\/p>\n<p><b>Statut<\/b><b>\u202f<\/b><b>: <\/b><b>\u00c0<\/b><b> plein temps<\/b>\u00a0<\/p>\n<p><b>Emplacement<\/b><b>\u202f<\/b><b>: Montr<\/b><b>\u00e9<\/b><b>al<\/b><\/p>\nCliquez ici pour nous envoyer un e-mail avec votre CV en pi\u00e8ce jointe \u00e0 l&rsquo;adresse <strong><a href=\"mailto:info@crysalia.ca\">info@crysalia.ca<\/a><\/strong><br \/>\n\n\n","protected":false},"excerpt":{"rendered":"<p>Solutions Id\u00e9es Qui nous sommes Carri\u00e8res Analys Nous joindre EN Solutions Id\u00e9es Qui nous sommes Carri\u00e8res Analys Nous joindre EN Conseiller.\u00e8re bilingue en d\u00e9veloppement du capital humain TRAVAILLER CHEZ CRYSALIA Conseiller.\u00e8re bilingue en d\u00e9veloppement du capital humain Joignez-vous \u00e0 Crysalia, un cabinet-conseil sp\u00e9cialis\u00e9 dans le d\u00e9veloppement du capital humain. Nous accompagnons les familles en affaires,&hellip;<\/p>\n","protected":false},"author":12,"featured_media":1977,"parent":0,"menu_order":0,"comment_status":"closed","ping_status":"closed","template":"","meta":{"inline_featured_image":false,"footnotes":""},"class_list":["post-2579","page","type-page","status-publish","has-post-thumbnail","hentry"],"yoast_head":"<!-- This site is optimized with the Yoast SEO plugin v24.7 - https:\/\/yoast.com\/wordpress\/plugins\/seo\/ -->\n<title>Conseiller.\u00e8re bilingue en d\u00e9veloppement du capital humain - Crysalia<\/title>\n<meta name=\"robots\" content=\"index, follow, max-snippet:-1, max-image-preview:large, max-video-preview:-1\" \/>\n<link rel=\"canonical\" href=\"https:\/\/www.crysalia.com\/fr\/conseiller-ere-bilingue-en-developpement-du-capital-humain\/\" \/>\n<meta property=\"og:locale\" content=\"fr_FR\" \/>\n<meta property=\"og:type\" content=\"article\" \/>\n<meta property=\"og:title\" content=\"Conseiller.\u00e8re bilingue en d\u00e9veloppement du capital humain - Crysalia\" \/>\n<meta property=\"og:description\" content=\"Solutions Id\u00e9es Qui nous sommes Carri\u00e8res Analys Nous joindre EN Solutions Id\u00e9es Qui nous sommes Carri\u00e8res Analys Nous joindre EN Conseiller.\u00e8re bilingue en d\u00e9veloppement du capital humain TRAVAILLER CHEZ CRYSALIA Conseiller.\u00e8re bilingue en d\u00e9veloppement du capital humain Joignez-vous \u00e0 Crysalia, un cabinet-conseil sp\u00e9cialis\u00e9 dans le d\u00e9veloppement du capital humain. Nous accompagnons les familles en affaires,&hellip;\" \/>\n<meta property=\"og:url\" content=\"https:\/\/www.crysalia.com\/fr\/conseiller-ere-bilingue-en-developpement-du-capital-humain\/\" \/>\n<meta property=\"og:site_name\" content=\"Crysalia\" \/>\n<meta property=\"article:modified_time\" content=\"2026-04-03T22:11:58+00:00\" \/>\n<meta property=\"og:image\" content=\"https:\/\/www.crysalia.com\/wp-content\/uploads\/2023\/12\/4dd3afed0f983b3a96d92811977bff34.jpg\" \/>\n\t<meta property=\"og:image:width\" content=\"564\" \/>\n\t<meta property=\"og:image:height\" content=\"376\" \/>\n\t<meta property=\"og:image:type\" content=\"image\/jpeg\" \/>\n<meta name=\"twitter:card\" content=\"summary_large_image\" \/>\n<meta name=\"twitter:label1\" content=\"Est. reading time\" \/>\n\t<meta name=\"twitter:data1\" content=\"4 minutes\" \/>\n<script type=\"application\/ld+json\" class=\"yoast-schema-graph\">{\"@context\":\"https:\/\/schema.org\",\"@graph\":[{\"@type\":\"WebPage\",\"@id\":\"https:\/\/www.crysalia.com\/fr\/conseiller-ere-bilingue-en-developpement-du-capital-humain\/\",\"url\":\"https:\/\/www.crysalia.com\/fr\/conseiller-ere-bilingue-en-developpement-du-capital-humain\/\",\"name\":\"Conseiller.\u00e8re bilingue en d\u00e9veloppement du capital humain - Crysalia\",\"isPartOf\":{\"@id\":\"https:\/\/www.crysalia.com\/fr\/#website\"},\"primaryImageOfPage\":{\"@id\":\"https:\/\/www.crysalia.com\/fr\/conseiller-ere-bilingue-en-developpement-du-capital-humain\/#primaryimage\"},\"image\":{\"@id\":\"https:\/\/www.crysalia.com\/fr\/conseiller-ere-bilingue-en-developpement-du-capital-humain\/#primaryimage\"},\"thumbnailUrl\":\"https:\/\/www.crysalia.com\/wp-content\/uploads\/2023\/12\/4dd3afed0f983b3a96d92811977bff34.jpg\",\"datePublished\":\"2026-03-13T02:38:00+00:00\",\"dateModified\":\"2026-04-03T22:11:58+00:00\",\"breadcrumb\":{\"@id\":\"https:\/\/www.crysalia.com\/fr\/conseiller-ere-bilingue-en-developpement-du-capital-humain\/#breadcrumb\"},\"inLanguage\":\"fr-FR\",\"potentialAction\":[{\"@type\":\"ReadAction\",\"target\":[\"https:\/\/www.crysalia.com\/fr\/conseiller-ere-bilingue-en-developpement-du-capital-humain\/\"]}]},{\"@type\":\"ImageObject\",\"inLanguage\":\"fr-FR\",\"@id\":\"https:\/\/www.crysalia.com\/fr\/conseiller-ere-bilingue-en-developpement-du-capital-humain\/#primaryimage\",\"url\":\"https:\/\/www.crysalia.com\/wp-content\/uploads\/2023\/12\/4dd3afed0f983b3a96d92811977bff34.jpg\",\"contentUrl\":\"https:\/\/www.crysalia.com\/wp-content\/uploads\/2023\/12\/4dd3afed0f983b3a96d92811977bff34.jpg\",\"width\":564,\"height\":376},{\"@type\":\"BreadcrumbList\",\"@id\":\"https:\/\/www.crysalia.com\/fr\/conseiller-ere-bilingue-en-developpement-du-capital-humain\/#breadcrumb\",\"itemListElement\":[{\"@type\":\"ListItem\",\"position\":1,\"name\":\"Home\",\"item\":\"https:\/\/www.crysalia.com\/fr\/\"},{\"@type\":\"ListItem\",\"position\":2,\"name\":\"Conseiller.\u00e8re bilingue en d\u00e9veloppement du capital humain\"}]},{\"@type\":\"WebSite\",\"@id\":\"https:\/\/www.crysalia.com\/fr\/#website\",\"url\":\"https:\/\/www.crysalia.com\/fr\/\",\"name\":\"Crysalia\",\"description\":\"Le bureau de la direction de l\u2019apprentissage et du d\u00e9veloppement pour les grandes familles en affaires\",\"publisher\":{\"@id\":\"https:\/\/www.crysalia.com\/fr\/#organization\"},\"potentialAction\":[{\"@type\":\"SearchAction\",\"target\":{\"@type\":\"EntryPoint\",\"urlTemplate\":\"https:\/\/www.crysalia.com\/fr\/?s={search_term_string}\"},\"query-input\":{\"@type\":\"PropertyValueSpecification\",\"valueRequired\":true,\"valueName\":\"search_term_string\"}}],\"inLanguage\":\"fr-FR\"},{\"@type\":\"Organization\",\"@id\":\"https:\/\/www.crysalia.com\/fr\/#organization\",\"name\":\"Crysalia\",\"url\":\"https:\/\/www.crysalia.com\/fr\/\",\"logo\":{\"@type\":\"ImageObject\",\"inLanguage\":\"fr-FR\",\"@id\":\"https:\/\/www.crysalia.com\/fr\/#\/schema\/logo\/image\/\",\"url\":\"https:\/\/www.crysalia.ca\/wp-content\/uploads\/2021\/04\/Crysalia-logo.svg\",\"contentUrl\":\"https:\/\/www.crysalia.ca\/wp-content\/uploads\/2021\/04\/Crysalia-logo.svg\",\"width\":\"1024\",\"height\":\"1024\",\"caption\":\"Crysalia\"},\"image\":{\"@id\":\"https:\/\/www.crysalia.com\/fr\/#\/schema\/logo\/image\/\"},\"sameAs\":[\"https:\/\/www.linkedin.com\/company\/crysalia\/\"]}]}<\/script>\n<!-- \/ Yoast SEO plugin. -->","yoast_head_json":{"title":"Conseiller.\u00e8re bilingue en d\u00e9veloppement du capital humain - Crysalia","robots":{"index":"index","follow":"follow","max-snippet":"max-snippet:-1","max-image-preview":"max-image-preview:large","max-video-preview":"max-video-preview:-1"},"canonical":"https:\/\/www.crysalia.com\/fr\/conseiller-ere-bilingue-en-developpement-du-capital-humain\/","og_locale":"fr_FR","og_type":"article","og_title":"Conseiller.\u00e8re bilingue en d\u00e9veloppement du capital humain - Crysalia","og_description":"Solutions Id\u00e9es Qui nous sommes Carri\u00e8res Analys Nous joindre EN Solutions Id\u00e9es Qui nous sommes Carri\u00e8res Analys Nous joindre EN Conseiller.\u00e8re bilingue en d\u00e9veloppement du capital humain TRAVAILLER CHEZ CRYSALIA Conseiller.\u00e8re bilingue en d\u00e9veloppement du capital humain Joignez-vous \u00e0 Crysalia, un cabinet-conseil sp\u00e9cialis\u00e9 dans le d\u00e9veloppement du capital humain. Nous accompagnons les familles en affaires,&hellip;","og_url":"https:\/\/www.crysalia.com\/fr\/conseiller-ere-bilingue-en-developpement-du-capital-humain\/","og_site_name":"Crysalia","article_modified_time":"2026-04-03T22:11:58+00:00","og_image":[{"width":564,"height":376,"url":"https:\/\/www.crysalia.com\/wp-content\/uploads\/2023\/12\/4dd3afed0f983b3a96d92811977bff34.jpg","type":"image\/jpeg"}],"twitter_card":"summary_large_image","twitter_misc":{"Est. reading time":"4 minutes"},"schema":{"@context":"https:\/\/schema.org","@graph":[{"@type":"WebPage","@id":"https:\/\/www.crysalia.com\/fr\/conseiller-ere-bilingue-en-developpement-du-capital-humain\/","url":"https:\/\/www.crysalia.com\/fr\/conseiller-ere-bilingue-en-developpement-du-capital-humain\/","name":"Conseiller.\u00e8re bilingue en d\u00e9veloppement du capital humain - Crysalia","isPartOf":{"@id":"https:\/\/www.crysalia.com\/fr\/#website"},"primaryImageOfPage":{"@id":"https:\/\/www.crysalia.com\/fr\/conseiller-ere-bilingue-en-developpement-du-capital-humain\/#primaryimage"},"image":{"@id":"https:\/\/www.crysalia.com\/fr\/conseiller-ere-bilingue-en-developpement-du-capital-humain\/#primaryimage"},"thumbnailUrl":"https:\/\/www.crysalia.com\/wp-content\/uploads\/2023\/12\/4dd3afed0f983b3a96d92811977bff34.jpg","datePublished":"2026-03-13T02:38:00+00:00","dateModified":"2026-04-03T22:11:58+00:00","breadcrumb":{"@id":"https:\/\/www.crysalia.com\/fr\/conseiller-ere-bilingue-en-developpement-du-capital-humain\/#breadcrumb"},"inLanguage":"fr-FR","potentialAction":[{"@type":"ReadAction","target":["https:\/\/www.crysalia.com\/fr\/conseiller-ere-bilingue-en-developpement-du-capital-humain\/"]}]},{"@type":"ImageObject","inLanguage":"fr-FR","@id":"https:\/\/www.crysalia.com\/fr\/conseiller-ere-bilingue-en-developpement-du-capital-humain\/#primaryimage","url":"https:\/\/www.crysalia.com\/wp-content\/uploads\/2023\/12\/4dd3afed0f983b3a96d92811977bff34.jpg","contentUrl":"https:\/\/www.crysalia.com\/wp-content\/uploads\/2023\/12\/4dd3afed0f983b3a96d92811977bff34.jpg","width":564,"height":376},{"@type":"BreadcrumbList","@id":"https:\/\/www.crysalia.com\/fr\/conseiller-ere-bilingue-en-developpement-du-capital-humain\/#breadcrumb","itemListElement":[{"@type":"ListItem","position":1,"name":"Home","item":"https:\/\/www.crysalia.com\/fr\/"},{"@type":"ListItem","position":2,"name":"Conseiller.\u00e8re bilingue en d\u00e9veloppement du capital humain"}]},{"@type":"WebSite","@id":"https:\/\/www.crysalia.com\/fr\/#website","url":"https:\/\/www.crysalia.com\/fr\/","name":"Crysalia","description":"Le bureau de la direction de l\u2019apprentissage et du d\u00e9veloppement pour les grandes familles en affaires","publisher":{"@id":"https:\/\/www.crysalia.com\/fr\/#organization"},"potentialAction":[{"@type":"SearchAction","target":{"@type":"EntryPoint","urlTemplate":"https:\/\/www.crysalia.com\/fr\/?s={search_term_string}"},"query-input":{"@type":"PropertyValueSpecification","valueRequired":true,"valueName":"search_term_string"}}],"inLanguage":"fr-FR"},{"@type":"Organization","@id":"https:\/\/www.crysalia.com\/fr\/#organization","name":"Crysalia","url":"https:\/\/www.crysalia.com\/fr\/","logo":{"@type":"ImageObject","inLanguage":"fr-FR","@id":"https:\/\/www.crysalia.com\/fr\/#\/schema\/logo\/image\/","url":"https:\/\/www.crysalia.ca\/wp-content\/uploads\/2021\/04\/Crysalia-logo.svg","contentUrl":"https:\/\/www.crysalia.ca\/wp-content\/uploads\/2021\/04\/Crysalia-logo.svg","width":"1024","height":"1024","caption":"Crysalia"},"image":{"@id":"https:\/\/www.crysalia.com\/fr\/#\/schema\/logo\/image\/"},"sameAs":["https:\/\/www.linkedin.com\/company\/crysalia\/"]}]}},"_links":{"self":[{"href":"https:\/\/www.crysalia.com\/fr\/wp-json\/wp\/v2\/pages\/2579","targetHints":{"allow":["GET"]}}],"collection":[{"href":"https:\/\/www.crysalia.com\/fr\/wp-json\/wp\/v2\/pages"}],"about":[{"href":"https:\/\/www.crysalia.com\/fr\/wp-json\/wp\/v2\/types\/page"}],"author":[{"embeddable":true,"href":"https:\/\/www.crysalia.com\/fr\/wp-json\/wp\/v2\/users\/12"}],"replies":[{"embeddable":true,"href":"https:\/\/www.crysalia.com\/fr\/wp-json\/wp\/v2\/comments?post=2579"}],"version-history":[{"count":11,"href":"https:\/\/www.crysalia.com\/fr\/wp-json\/wp\/v2\/pages\/2579\/revisions"}],"predecessor-version":[{"id":2610,"href":"https:\/\/www.crysalia.com\/fr\/wp-json\/wp\/v2\/pages\/2579\/revisions\/2610"}],"wp:featuredmedia":[{"embeddable":true,"href":"https:\/\/www.crysalia.com\/fr\/wp-json\/wp\/v2\/media\/1977"}],"wp:attachment":[{"href":"https:\/\/www.crysalia.com\/fr\/wp-json\/wp\/v2\/media?parent=2579"}],"curies":[{"name":"wp","href":"https:\/\/api.w.org\/{rel}","templated":true}]}}