{"id":575,"date":"2021-04-22T20:32:15","date_gmt":"2021-04-22T20:32:15","guid":{"rendered":"https:\/\/www.crysalia.ca\/business-family-advisory\/"},"modified":"2025-09-25T16:37:45","modified_gmt":"2025-09-25T20:37:45","slug":"experts-conseils-pour-familles-en-affaires","status":"publish","type":"page","link":"https:\/\/www.crysalia.com\/fr\/","title":{"rendered":"Experts-conseils pour familles en affaires"},"content":{"rendered":"\n\n\t\t\t\t<a href=\"\/fr\" target=\"_self\"  itemprop=\"url\">\n\t\t\t\t<img decoding=\"async\" src=\"\/wp-content\/uploads\/2021\/04\/Crysalia-logo-rev.svg\" alt=\"Crysalia Service conseil pour les Grandes Familles logo blanc\" itemprop=\"image\" srcset=\"\/wp-content\/uploads\/2021\/04\/Crysalia-logo-rev.svg 1x, 2x\"\/>\n\t\t\t\t<\/a>\n\t\t\t\t\t<ul id=\"menu-menu-principal\"><li id=\"menu-item-599\"><a href=\"https:\/\/www.crysalia.com\/fr\/solutions-pour-familles-en-affaires\/\">Solutions<\/a><\/li>\n<li id=\"menu-item-600\"><a href=\"https:\/\/www.crysalia.com\/fr\/idees\/\">Id\u00e9es<\/a><\/li>\n<li id=\"menu-item-601\"><a href=\"https:\/\/www.crysalia.com\/fr\/qui-nous-sommes\/\">Qui nous sommes<\/a><\/li>\n<li id=\"menu-item-602\"><a href=\"https:\/\/www.crysalia.com\/fr\/faire-carriere-avec-nous\/\">Carri\u00e8res<\/a><\/li>\n<li id=\"menu-item-1902\"><a href=\"https:\/\/www.crysalia.com\/fr\/analys\/\">Analys<\/a><\/li>\n<li id=\"menu-item-603\"><a href=\"https:\/\/www.crysalia.com\/fr\/pour-nous-joindre\/\">Nous joindre<\/a><\/li>\n<li id=\"menu-item-wpml-ls-2-en\"><a title=\"EN\" href=\"https:\/\/www.crysalia.com\/\">EN<\/a><\/li>\n<\/ul>\t\n\t\t\t\t \t\t\t\t\t\t<ul id=\"menu-menu-principal-1\"><li id=\"menu-item-599\"><a href=\"https:\/\/www.crysalia.com\/fr\/solutions-pour-familles-en-affaires\/\">Solutions<\/a><\/li>\n<li id=\"menu-item-600\"><a href=\"https:\/\/www.crysalia.com\/fr\/idees\/\">Id\u00e9es<\/a><\/li>\n<li id=\"menu-item-601\"><a href=\"https:\/\/www.crysalia.com\/fr\/qui-nous-sommes\/\">Qui nous sommes<\/a><\/li>\n<li id=\"menu-item-602\"><a href=\"https:\/\/www.crysalia.com\/fr\/faire-carriere-avec-nous\/\">Carri\u00e8res<\/a><\/li>\n<li id=\"menu-item-1902\"><a href=\"https:\/\/www.crysalia.com\/fr\/analys\/\">Analys<\/a><\/li>\n<li id=\"menu-item-603\"><a href=\"https:\/\/www.crysalia.com\/fr\/pour-nous-joindre\/\">Nous joindre<\/a><\/li>\n<li id=\"menu-item-wpml-ls-2-en\"><a title=\"EN\" href=\"https:\/\/www.crysalia.com\/\">EN<\/a><\/li>\n<\/ul>\t\t\t\t\n\t\t\t<h1>\n\t\tD\u00e9ployez \u202fle plein potentiel de votre capital humain\n\t<\/h1>\n\t<h3>Que ce soit \u00e0 titre de propri\u00e9taire, de dirigeant d&rsquo;entreprise, ou de membre d&rsquo;une famille en affaires, le capital humain est votre actif le plus pr\u00e9cieux, le v\u00e9ritable moteur de votre r\u00e9ussite et de votre prosp\u00e9rit\u00e9.<\/h3>\n\t<h3>D\u00e9couvrez comment d\u00e9ployer et maximiser les talents de votre famille en affaires.<\/h3>\n\t\t\t<a href=\"\/fr\/solutions-pour-familles-en-affaires\/\" target=\"_self\"   role=\"button\" aria-label=\"D\u00e9couvrir les solutions Crysalia\">\n\t\t\t\t\t\t\tD\u00e9couvrir les solutions Crysalia\n\t\t<\/a>\n\t<h3>D\u00e9couvrez comment lib\u00e9rer tout le potentiel de vos leaders et de votre organisation.<\/h3>\n\t\t\t<a href=\"\/fr\/analys\/\" target=\"_self\"   role=\"button\" aria-label=\" D\u00e9couvrez les solutions Analys\">\n\t\t\t\t\t\t\t D\u00e9couvrez les solutions Analys\n\t\t<\/a>\n<h2>\n\t\tD\u00e9couvrez nos nouveaux programmes de d\u00e9veloppement \n\t<\/h2>\n\t<p>Crysalia propose des programmes de d\u00e9veloppement par les pairs, sous forme de cohortes, con\u00e7us pour aider les membres d&rsquo;une famille en affaires \u00e0 explorer leurs objectifs de vie, \u00e0 renforcer leurs comp\u00e9tences et \u00e0 contribuer \u00e0 leur mani\u00e8re \u00e0 la p\u00e9rennit\u00e9 de leur famille entrepreneuriale.<\/p>\n<p>&nbsp;<\/p>\n<p>Notre approche allie des exp\u00e9riences d&rsquo;apprentissage immersives \u00e0 un soutien personnalis\u00e9 et \u00e0 des relations enrichissantes entre pairs, le tout articul\u00e9 autour de trois \u00e9l\u00e9ments cl\u00e9s :<\/p>\n1. Ateliers d&rsquo;apprentissage et de d\u00e9veloppement exp\u00e9rientiels en pr\u00e9sentiel<br \/>\n2. Mentorat et coaching individuels adapt\u00e9s au parcours unique de chaque participant<br \/>\n3. S\u00e9ances de co-d\u00e9veloppement virtuelles\u00a0\n\t<p>Parcours <\/p>\n<p>G\u00e9n\u00e9ration Montante\u00a0<\/p>\n\t<p>Ce programme s&rsquo;adresse aux membres de la nouvelle g\u00e9n\u00e9ration qui sont pr\u00eats \u00e0 faire \u00e9voluerleur identit\u00e9, tant au sein qu&rsquo;en dehors de leur famille entrepreneuriale. Cette \u00e9dition leur offre un espace de r\u00e9flexion pour clarifier leurs aspirations, d\u00e9finir leurs intentions et tracer leur chemin en tant que futurs propri\u00e9taires, acteurs engag\u00e9s et individus \u00e0 part enti\u00e8re.<\/p>\n\t\t\t<a href=\"https:\/\/www.crysalia.com\/wp-content\/uploads\/2025\/09\/Crysalia-Accelerateur-dapprentissage-developpement-Generation-montante_pour-site-web-Mobile-ready-compressed.pdf\" target=\"_blank\" rel=\"noopener\"  role=\"button\" aria-label=\"D\u00e9couvrir le programme g\u00e9n\u00e9ration montante\">\n\t\t\t\t\t\t\tD\u00e9couvrir le programme g\u00e9n\u00e9ration montante\n\t\t<\/a>\n\t<p>Parcours<\/p>\n<p>Prochain Chapitre\u00a0<\/p>\n\t<p>Ce parcours est con\u00e7u pour ceux et celles qui entament &#8211; ou envisagent &#8211; un nouveau chapitre de leur vie. Que ce soit \u00e0 la suite de la vente d&rsquo;une entreprise, pour pr\u00e9parer la transmission du flambeau \u00e0 la g\u00e9n\u00e9ration suivante, ou simplement pour poser les bases d&rsquo;une nouvelle \u00e9tape de vie, ce programme permet de red\u00e9finir des prochaines \u00e9tapes claires en p\u00e9riode de transition.<\/p>\n\t\t\t<a href=\"https:\/\/www.crysalia.com\/wp-content\/uploads\/2025\/09\/Crysalia-Accelerateur-dapprentissage-developpement-Prochain-chapitre_Mobile-ready-1-compressed.pdf\" target=\"_blank\" rel=\"noopener\"  role=\"button\" aria-label=\"D\u00e9couvrir le programme prochain chapitre\">\n\t\t\t\t\t\t\tD\u00e9couvrir le programme prochain chapitre\n\t\t<\/a>\n\t\t\t\t<img loading=\"lazy\" decoding=\"async\" src=\"https:\/\/www.crysalia.com\/wp-content\/uploads\/2025\/05\/Lign-C-V3-scaled.png\" alt=\"Lign + C V3\" itemprop=\"image\" height=\"136\" width=\"2560\" title=\"Lign + C V3\" onerror=\"this.style.display='none'\"  \/>\n\t<p>Vous souhaitez en savoir plus ? Connaissez-vous quelqu&rsquo;un qui pourrait b\u00e9n\u00e9ficier de ces programmes ? Contactez-nous d\u00e8s aujourd&rsquo;hui pour obtenir des informations et des modalit\u00e9s d&rsquo;inscription !\u00a0<\/p>\n\t<p>Inscrivez-vous \u00e0 notre liste pour recevoir des mises \u00e0 jour sur les programmes<\/p>\n\t<p>Crysalia admet les candidats qualifi\u00e9s au fur et \u00e0 mesure, en fonction des places disponibles.\u00a0<br \/>Si vous avez des questions entre-temps, veuillez nous contacter \u00e0 l&rsquo;adresse suivante : <a href=\"mailto:info@crysalia.com\" target=\"_blank\" rel=\"noreferrer noopener\">info@crysalia.com<\/a>\u00a0<\/p>\n<p>&nbsp;<\/p>\n\n","protected":false},"excerpt":{"rendered":"<p>Solutions Id\u00e9es Qui nous sommes Carri\u00e8res Analys Nous joindre EN Solutions Id\u00e9es Qui nous sommes Carri\u00e8res Analys Nous joindre EN D\u00e9ployez \u202fle plein potentiel de votre capital humain Que ce soit \u00e0 titre de propri\u00e9taire, de dirigeant d&rsquo;entreprise, ou de membre d&rsquo;une famille en affaires, le capital humain est votre actif le plus pr\u00e9cieux, le&hellip;<\/p>\n","protected":false},"author":1,"featured_media":924,"parent":0,"menu_order":0,"comment_status":"closed","ping_status":"closed","template":"","meta":{"inline_featured_image":false,"footnotes":""},"class_list":["post-575","page","type-page","status-publish","has-post-thumbnail","hentry"],"yoast_head":"<!-- This site is optimized with the Yoast SEO plugin v24.7 - https:\/\/yoast.com\/wordpress\/plugins\/seo\/ -->\n<title>Business Family Advisory - Crysalia<\/title>\n<meta name=\"description\" content=\"Crysalia offre des services-conseils aux grandes familles en affaires li\u00e9s \u00e0 la succession de l\u2019entreprise ainsi qu\u2019au d\u00e9veloppement du talent et du leadership afin d\u2019assurer la p\u00e9rennit\u00e9 du patrimoine et du bien-\u00eatre de la famille pour les g\u00e9n\u00e9rations futures.\" \/>\n<meta name=\"robots\" content=\"index, follow, max-snippet:-1, max-image-preview:large, max-video-preview:-1\" \/>\n<link rel=\"canonical\" href=\"https:\/\/www.crysalia.com\/fr\/\" \/>\n<meta property=\"og:locale\" content=\"fr_FR\" \/>\n<meta property=\"og:type\" content=\"article\" \/>\n<meta property=\"og:title\" content=\"Business Family Advisory - Crysalia\" \/>\n<meta property=\"og:description\" content=\"Crysalia offre des services-conseils aux grandes familles en affaires li\u00e9s \u00e0 la succession de l\u2019entreprise ainsi qu\u2019au d\u00e9veloppement du talent et du leadership afin d\u2019assurer la p\u00e9rennit\u00e9 du patrimoine et du bien-\u00eatre de la famille pour les g\u00e9n\u00e9rations futures.\" \/>\n<meta property=\"og:url\" content=\"https:\/\/www.crysalia.com\/fr\/\" \/>\n<meta property=\"og:site_name\" content=\"Crysalia\" \/>\n<meta property=\"article:modified_time\" content=\"2025-09-25T20:37:45+00:00\" \/>\n<meta property=\"og:image\" content=\"https:\/\/www.crysalia.com\/wp-content\/uploads\/2021\/05\/Crysalia_Logo_Lockup_Colour_v2.png\" \/>\n\t<meta property=\"og:image:width\" content=\"1265\" \/>\n\t<meta property=\"og:image:height\" content=\"751\" \/>\n\t<meta property=\"og:image:type\" content=\"image\/png\" \/>\n<meta name=\"twitter:card\" content=\"summary_large_image\" \/>\n<meta name=\"twitter:label1\" content=\"Est. reading time\" \/>\n\t<meta name=\"twitter:data1\" content=\"3 minutes\" \/>\n<script type=\"application\/ld+json\" class=\"yoast-schema-graph\">{\"@context\":\"https:\/\/schema.org\",\"@graph\":[{\"@type\":\"WebPage\",\"@id\":\"https:\/\/www.crysalia.com\/fr\/\",\"url\":\"https:\/\/www.crysalia.com\/fr\/\",\"name\":\"Business Family Advisory - Crysalia\",\"isPartOf\":{\"@id\":\"https:\/\/www.crysalia.com\/fr\/#website\"},\"primaryImageOfPage\":{\"@id\":\"https:\/\/www.crysalia.com\/fr\/#primaryimage\"},\"image\":{\"@id\":\"https:\/\/www.crysalia.com\/fr\/#primaryimage\"},\"thumbnailUrl\":\"https:\/\/www.crysalia.com\/wp-content\/uploads\/2021\/05\/Crysalia_Logo_Lockup_Colour_v2.png\",\"datePublished\":\"2021-04-22T20:32:15+00:00\",\"dateModified\":\"2025-09-25T20:37:45+00:00\",\"description\":\"Crysalia offre des services-conseils aux grandes familles en affaires li\u00e9s \u00e0 la succession de l\u2019entreprise ainsi qu\u2019au d\u00e9veloppement du talent et du leadership afin d\u2019assurer la p\u00e9rennit\u00e9 du patrimoine et du bien-\u00eatre de la famille pour les g\u00e9n\u00e9rations futures.\",\"breadcrumb\":{\"@id\":\"https:\/\/www.crysalia.com\/fr\/#breadcrumb\"},\"inLanguage\":\"fr-FR\",\"potentialAction\":[{\"@type\":\"ReadAction\",\"target\":[\"https:\/\/www.crysalia.com\/fr\/\"]}]},{\"@type\":\"ImageObject\",\"inLanguage\":\"fr-FR\",\"@id\":\"https:\/\/www.crysalia.com\/fr\/#primaryimage\",\"url\":\"https:\/\/www.crysalia.com\/wp-content\/uploads\/2021\/05\/Crysalia_Logo_Lockup_Colour_v2.png\",\"contentUrl\":\"https:\/\/www.crysalia.com\/wp-content\/uploads\/2021\/05\/Crysalia_Logo_Lockup_Colour_v2.png\",\"width\":1265,\"height\":751,\"caption\":\"Crysalia Enterprising Family Advisory logo\"},{\"@type\":\"BreadcrumbList\",\"@id\":\"https:\/\/www.crysalia.com\/fr\/#breadcrumb\",\"itemListElement\":[{\"@type\":\"ListItem\",\"position\":1,\"name\":\"Home\",\"item\":\"https:\/\/www.crysalia.com\/fr\/\"},{\"@type\":\"ListItem\",\"position\":2,\"name\":\"Experts-conseils pour familles en affaires\"}]},{\"@type\":\"WebSite\",\"@id\":\"https:\/\/www.crysalia.com\/fr\/#website\",\"url\":\"https:\/\/www.crysalia.com\/fr\/\",\"name\":\"Crysalia\",\"description\":\"Le bureau de la direction de l\u2019apprentissage et du d\u00e9veloppement pour les grandes familles en affaires\",\"publisher\":{\"@id\":\"https:\/\/www.crysalia.com\/fr\/#organization\"},\"potentialAction\":[{\"@type\":\"SearchAction\",\"target\":{\"@type\":\"EntryPoint\",\"urlTemplate\":\"https:\/\/www.crysalia.com\/fr\/?s={search_term_string}\"},\"query-input\":{\"@type\":\"PropertyValueSpecification\",\"valueRequired\":true,\"valueName\":\"search_term_string\"}}],\"inLanguage\":\"fr-FR\"},{\"@type\":\"Organization\",\"@id\":\"https:\/\/www.crysalia.com\/fr\/#organization\",\"name\":\"Crysalia\",\"url\":\"https:\/\/www.crysalia.com\/fr\/\",\"logo\":{\"@type\":\"ImageObject\",\"inLanguage\":\"fr-FR\",\"@id\":\"https:\/\/www.crysalia.com\/fr\/#\/schema\/logo\/image\/\",\"url\":\"https:\/\/www.crysalia.ca\/wp-content\/uploads\/2021\/04\/Crysalia-logo.svg\",\"contentUrl\":\"https:\/\/www.crysalia.ca\/wp-content\/uploads\/2021\/04\/Crysalia-logo.svg\",\"width\":\"1024\",\"height\":\"1024\",\"caption\":\"Crysalia\"},\"image\":{\"@id\":\"https:\/\/www.crysalia.com\/fr\/#\/schema\/logo\/image\/\"},\"sameAs\":[\"https:\/\/www.linkedin.com\/company\/crysalia\/\"]}]}<\/script>\n<!-- \/ Yoast SEO plugin. -->","yoast_head_json":{"title":"Business Family Advisory - Crysalia","description":"Crysalia offre des services-conseils aux grandes familles en affaires li\u00e9s \u00e0 la succession de l\u2019entreprise ainsi qu\u2019au d\u00e9veloppement du talent et du leadership afin d\u2019assurer la p\u00e9rennit\u00e9 du patrimoine et du bien-\u00eatre de la famille pour les g\u00e9n\u00e9rations futures.","robots":{"index":"index","follow":"follow","max-snippet":"max-snippet:-1","max-image-preview":"max-image-preview:large","max-video-preview":"max-video-preview:-1"},"canonical":"https:\/\/www.crysalia.com\/fr\/","og_locale":"fr_FR","og_type":"article","og_title":"Business Family Advisory - Crysalia","og_description":"Crysalia offre des services-conseils aux grandes familles en affaires li\u00e9s \u00e0 la succession de l\u2019entreprise ainsi qu\u2019au d\u00e9veloppement du talent et du leadership afin d\u2019assurer la p\u00e9rennit\u00e9 du patrimoine et du bien-\u00eatre de la famille pour les g\u00e9n\u00e9rations futures.","og_url":"https:\/\/www.crysalia.com\/fr\/","og_site_name":"Crysalia","article_modified_time":"2025-09-25T20:37:45+00:00","og_image":[{"width":1265,"height":751,"url":"https:\/\/www.crysalia.com\/wp-content\/uploads\/2021\/05\/Crysalia_Logo_Lockup_Colour_v2.png","type":"image\/png"}],"twitter_card":"summary_large_image","twitter_misc":{"Est. reading time":"3 minutes"},"schema":{"@context":"https:\/\/schema.org","@graph":[{"@type":"WebPage","@id":"https:\/\/www.crysalia.com\/fr\/","url":"https:\/\/www.crysalia.com\/fr\/","name":"Business Family Advisory - Crysalia","isPartOf":{"@id":"https:\/\/www.crysalia.com\/fr\/#website"},"primaryImageOfPage":{"@id":"https:\/\/www.crysalia.com\/fr\/#primaryimage"},"image":{"@id":"https:\/\/www.crysalia.com\/fr\/#primaryimage"},"thumbnailUrl":"https:\/\/www.crysalia.com\/wp-content\/uploads\/2021\/05\/Crysalia_Logo_Lockup_Colour_v2.png","datePublished":"2021-04-22T20:32:15+00:00","dateModified":"2025-09-25T20:37:45+00:00","description":"Crysalia offre des services-conseils aux grandes familles en affaires li\u00e9s \u00e0 la succession de l\u2019entreprise ainsi qu\u2019au d\u00e9veloppement du talent et du leadership afin d\u2019assurer la p\u00e9rennit\u00e9 du patrimoine et du bien-\u00eatre de la famille pour les g\u00e9n\u00e9rations futures.","breadcrumb":{"@id":"https:\/\/www.crysalia.com\/fr\/#breadcrumb"},"inLanguage":"fr-FR","potentialAction":[{"@type":"ReadAction","target":["https:\/\/www.crysalia.com\/fr\/"]}]},{"@type":"ImageObject","inLanguage":"fr-FR","@id":"https:\/\/www.crysalia.com\/fr\/#primaryimage","url":"https:\/\/www.crysalia.com\/wp-content\/uploads\/2021\/05\/Crysalia_Logo_Lockup_Colour_v2.png","contentUrl":"https:\/\/www.crysalia.com\/wp-content\/uploads\/2021\/05\/Crysalia_Logo_Lockup_Colour_v2.png","width":1265,"height":751,"caption":"Crysalia Enterprising Family Advisory logo"},{"@type":"BreadcrumbList","@id":"https:\/\/www.crysalia.com\/fr\/#breadcrumb","itemListElement":[{"@type":"ListItem","position":1,"name":"Home","item":"https:\/\/www.crysalia.com\/fr\/"},{"@type":"ListItem","position":2,"name":"Experts-conseils pour familles en affaires"}]},{"@type":"WebSite","@id":"https:\/\/www.crysalia.com\/fr\/#website","url":"https:\/\/www.crysalia.com\/fr\/","name":"Crysalia","description":"Le bureau de la direction de l\u2019apprentissage et du d\u00e9veloppement pour les grandes familles en affaires","publisher":{"@id":"https:\/\/www.crysalia.com\/fr\/#organization"},"potentialAction":[{"@type":"SearchAction","target":{"@type":"EntryPoint","urlTemplate":"https:\/\/www.crysalia.com\/fr\/?s={search_term_string}"},"query-input":{"@type":"PropertyValueSpecification","valueRequired":true,"valueName":"search_term_string"}}],"inLanguage":"fr-FR"},{"@type":"Organization","@id":"https:\/\/www.crysalia.com\/fr\/#organization","name":"Crysalia","url":"https:\/\/www.crysalia.com\/fr\/","logo":{"@type":"ImageObject","inLanguage":"fr-FR","@id":"https:\/\/www.crysalia.com\/fr\/#\/schema\/logo\/image\/","url":"https:\/\/www.crysalia.ca\/wp-content\/uploads\/2021\/04\/Crysalia-logo.svg","contentUrl":"https:\/\/www.crysalia.ca\/wp-content\/uploads\/2021\/04\/Crysalia-logo.svg","width":"1024","height":"1024","caption":"Crysalia"},"image":{"@id":"https:\/\/www.crysalia.com\/fr\/#\/schema\/logo\/image\/"},"sameAs":["https:\/\/www.linkedin.com\/company\/crysalia\/"]}]}},"_links":{"self":[{"href":"https:\/\/www.crysalia.com\/fr\/wp-json\/wp\/v2\/pages\/575","targetHints":{"allow":["GET"]}}],"collection":[{"href":"https:\/\/www.crysalia.com\/fr\/wp-json\/wp\/v2\/pages"}],"about":[{"href":"https:\/\/www.crysalia.com\/fr\/wp-json\/wp\/v2\/types\/page"}],"author":[{"embeddable":true,"href":"https:\/\/www.crysalia.com\/fr\/wp-json\/wp\/v2\/users\/1"}],"replies":[{"embeddable":true,"href":"https:\/\/www.crysalia.com\/fr\/wp-json\/wp\/v2\/comments?post=575"}],"version-history":[{"count":45,"href":"https:\/\/www.crysalia.com\/fr\/wp-json\/wp\/v2\/pages\/575\/revisions"}],"predecessor-version":[{"id":2504,"href":"https:\/\/www.crysalia.com\/fr\/wp-json\/wp\/v2\/pages\/575\/revisions\/2504"}],"wp:featuredmedia":[{"embeddable":true,"href":"https:\/\/www.crysalia.com\/fr\/wp-json\/wp\/v2\/media\/924"}],"wp:attachment":[{"href":"https:\/\/www.crysalia.com\/fr\/wp-json\/wp\/v2\/media?parent=575"}],"curies":[{"name":"wp","href":"https:\/\/api.w.org\/{rel}","templated":true}]}}