{"id":578,"date":"2021-04-22T20:43:47","date_gmt":"2021-04-22T20:43:47","guid":{"rendered":"https:\/\/www.crysalia.ca\/careers\/"},"modified":"2026-04-27T08:50:49","modified_gmt":"2026-04-27T12:50:49","slug":"faire-carriere-avec-nous","status":"publish","type":"page","link":"https:\/\/www.crysalia.com\/fr\/faire-carriere-avec-nous\/","title":{"rendered":"FAIRE CARRI\u00c8RE AVEC NOUS"},"content":{"rendered":"\n\n\t\t\t\t<a href=\"\/fr\" target=\"_self\"  itemprop=\"url\">\n\t\t\t\t<img decoding=\"async\" src=\"\/wp-content\/uploads\/2021\/04\/Crysalia-logo-rev.svg\" alt=\"Crysalia Service conseil pour les Grandes Familles logo blanc\" itemprop=\"image\" srcset=\"\/wp-content\/uploads\/2021\/04\/Crysalia-logo-rev.svg 1x, 2x\"\/>\n\t\t\t\t<\/a>\n\t\t\t\t\t<ul id=\"menu-menu-principal\"><li id=\"menu-item-599\"><a href=\"https:\/\/www.crysalia.com\/fr\/solutions-pour-familles-en-affaires\/\">Solutions<\/a><\/li>\n<li id=\"menu-item-600\"><a href=\"https:\/\/www.crysalia.com\/fr\/idees\/\">Id\u00e9es<\/a><\/li>\n<li id=\"menu-item-601\"><a href=\"https:\/\/www.crysalia.com\/fr\/qui-nous-sommes\/\">Qui nous sommes<\/a><\/li>\n<li id=\"menu-item-602\"><a href=\"https:\/\/www.crysalia.com\/fr\/faire-carriere-avec-nous\/\">Carri\u00e8res<\/a><\/li>\n<li id=\"menu-item-1902\"><a href=\"https:\/\/www.crysalia.com\/fr\/analys\/\">Analys<\/a><\/li>\n<li id=\"menu-item-603\"><a href=\"https:\/\/www.crysalia.com\/fr\/pour-nous-joindre\/\">Nous joindre<\/a><\/li>\n<li id=\"menu-item-wpml-ls-2-en\"><a title=\"EN\" href=\"https:\/\/www.crysalia.com\/careers\/\">EN<\/a><\/li>\n<\/ul>\t\n\t\t\t\t \t\t\t\t\t\t<ul id=\"menu-menu-principal-1\"><li id=\"menu-item-599\"><a href=\"https:\/\/www.crysalia.com\/fr\/solutions-pour-familles-en-affaires\/\">Solutions<\/a><\/li>\n<li id=\"menu-item-600\"><a href=\"https:\/\/www.crysalia.com\/fr\/idees\/\">Id\u00e9es<\/a><\/li>\n<li id=\"menu-item-601\"><a href=\"https:\/\/www.crysalia.com\/fr\/qui-nous-sommes\/\">Qui nous sommes<\/a><\/li>\n<li id=\"menu-item-602\"><a href=\"https:\/\/www.crysalia.com\/fr\/faire-carriere-avec-nous\/\">Carri\u00e8res<\/a><\/li>\n<li id=\"menu-item-1902\"><a href=\"https:\/\/www.crysalia.com\/fr\/analys\/\">Analys<\/a><\/li>\n<li id=\"menu-item-603\"><a href=\"https:\/\/www.crysalia.com\/fr\/pour-nous-joindre\/\">Nous joindre<\/a><\/li>\n<li id=\"menu-item-wpml-ls-2-en\"><a title=\"EN\" href=\"https:\/\/www.crysalia.com\/careers\/\">EN<\/a><\/li>\n<\/ul>\t\t\t\t\n\t\t\t<h1>\n\t\tFaire carri\u00e8re avec nous  \n\t<\/h1>\n\t<h3>Nos valeurs fa\u00e7onnent notre culture et guident nos pens\u00e9es, nos d\u00e9cisions et nos actions.<\/h3>\n\t\t\t<a href=\"#careers-form\" target=\"_self\"   role=\"button\" aria-label=\" Se joindre \u00e0 Crysalia \">\n\t\t\t\t\t\t\t Se joindre \u00e0 Crysalia \n\t\t<\/a>\n\t<p>Crysalia offre un environnement sain et accueillant qui encourage le partage des connaissances et des exp\u00e9riences afin de tirer parti des forces de chacun. Quatre valeurs fondamentales fa\u00e7onnent la culture et inspirent les employ\u00e9s afin d&rsquo;orienter toutes les d\u00e9cisions : <strong>le courage, l&rsquo;authenticit\u00e9, la responsabilisation et la confiance. <\/strong><\/p>\n\t<p>Crysalia est constamment \u00e0 la recherche de personnes exceptionnelles ayant de l&rsquo;exp\u00e9rience en mati\u00e8re de gestion strat\u00e9gique, de d\u00e9veloppement du leadership, de gouvernance familiale et de patrimoine pour son \u00e9quipe\u200b. La diversit\u00e9 de points de vue et l&rsquo;expertise que Crysalia procure aux familles en affaires sont sa plus grande fiert\u00e9. Au plaisir de vous rencontrer.<\/p>\n<h2>\n\t\tJoignez-vous \u00e0 notre \u00e9quipe\n\t<\/h2>\n\t<p>Crysalia demeure \u00e0 la recherche de personnes de talents qui partagent ses valeurs\u200b,\u200b\u200b\u200b qui \u200bd\u00e9sirent avoir un impact \u00e0 long terme,\u200b qui\u200b assument la responsabilit\u00e9 de leur travail\u200b\u200b\u200b\u200b et\u200b qui\u200b \u200b\u200b\u200b\u200b\u200b\u200b\u200bont\u200b\u200b \u00e0 c\u0153ur la qualit\u00e9 des relations humaines\u200b.  <\/p>\n<h2>\n\t\tPostuler pour l&rsquo;un des postes suivants\n\t<\/h2>\n\t\t\t<h3> Conseiller.\u00e8re bilingue en d\u00e9veloppement du capital humain<\/h3> <p><a href=\"https:\/\/www.crysalia.com\/fr\/conseiller-ere-bilingue-en-developpement-du-capital-humain\/\">Cliquez ici pour en savoir plus sur ce poste<\/a><\/p>\t\t\n\t<h2>\n\t\tPostuler maintenant\n\t<\/h2>\n\t<p>Cliquez ici pour nous envoyer un e-mail avec votre CV en pi\u00e8ce jointe \u00e0 l&rsquo;adresse <strong><a href=\"mailto:info@crysalia.ca\">info@crysalia.ca<\/a><\/strong><\/p>\n\n","protected":false},"excerpt":{"rendered":"<p>Solutions Id\u00e9es Qui nous sommes Carri\u00e8res Analys Nous joindre EN Solutions Id\u00e9es Qui nous sommes Carri\u00e8res Analys Nous joindre EN Faire carri\u00e8re avec nous Nos valeurs fa\u00e7onnent notre culture et guident nos pens\u00e9es, nos d\u00e9cisions et nos actions. Se joindre \u00e0 Crysalia Crysalia offre un environnement sain et accueillant qui encourage le partage des connaissances&hellip;<\/p>\n","protected":false},"author":1,"featured_media":924,"parent":0,"menu_order":0,"comment_status":"closed","ping_status":"closed","template":"","meta":{"inline_featured_image":false,"footnotes":""},"class_list":["post-578","page","type-page","status-publish","has-post-thumbnail","hentry"],"yoast_head":"<!-- This site is optimized with the Yoast SEO plugin v24.7 - https:\/\/yoast.com\/wordpress\/plugins\/seo\/ -->\n<title>FAIRE CARRI\u00c8RE AVEC NOUS - Crysalia<\/title>\n<meta name=\"description\" content=\"Postulez pour faire carri\u00e8re au sein de l\u2019\u00e9quipe Crysalia. Nous offrons un environnement sain et accueillant qui favorise l\u2019\u00e9change de d\u2019expertise afin de d\u00e9multiplier les forces de tous.\" \/>\n<meta name=\"robots\" content=\"index, follow, max-snippet:-1, max-image-preview:large, max-video-preview:-1\" \/>\n<link rel=\"canonical\" href=\"https:\/\/www.crysalia.com\/fr\/faire-carriere-avec-nous\/\" \/>\n<meta property=\"og:locale\" content=\"fr_FR\" \/>\n<meta property=\"og:type\" content=\"article\" \/>\n<meta property=\"og:title\" content=\"FAIRE CARRI\u00c8RE AVEC NOUS - Crysalia\" \/>\n<meta property=\"og:description\" content=\"Postulez pour faire carri\u00e8re au sein de l\u2019\u00e9quipe Crysalia. Nous offrons un environnement sain et accueillant qui favorise l\u2019\u00e9change de d\u2019expertise afin de d\u00e9multiplier les forces de tous.\" \/>\n<meta property=\"og:url\" content=\"https:\/\/www.crysalia.com\/fr\/faire-carriere-avec-nous\/\" \/>\n<meta property=\"og:site_name\" content=\"Crysalia\" \/>\n<meta property=\"article:modified_time\" content=\"2026-04-27T12:50:49+00:00\" \/>\n<meta property=\"og:image\" content=\"https:\/\/www.crysalia.com\/wp-content\/uploads\/2021\/05\/Crysalia_Logo_Lockup_Colour_v2.png\" \/>\n\t<meta property=\"og:image:width\" content=\"1265\" \/>\n\t<meta property=\"og:image:height\" content=\"751\" \/>\n\t<meta property=\"og:image:type\" content=\"image\/png\" \/>\n<meta name=\"twitter:card\" content=\"summary_large_image\" \/>\n<meta name=\"twitter:label1\" content=\"Est. reading time\" \/>\n\t<meta name=\"twitter:data1\" content=\"2 minutes\" \/>\n<script type=\"application\/ld+json\" class=\"yoast-schema-graph\">{\"@context\":\"https:\/\/schema.org\",\"@graph\":[{\"@type\":\"WebPage\",\"@id\":\"https:\/\/www.crysalia.com\/fr\/faire-carriere-avec-nous\/\",\"url\":\"https:\/\/www.crysalia.com\/fr\/faire-carriere-avec-nous\/\",\"name\":\"FAIRE CARRI\u00c8RE AVEC NOUS - Crysalia\",\"isPartOf\":{\"@id\":\"https:\/\/www.crysalia.com\/fr\/#website\"},\"primaryImageOfPage\":{\"@id\":\"https:\/\/www.crysalia.com\/fr\/faire-carriere-avec-nous\/#primaryimage\"},\"image\":{\"@id\":\"https:\/\/www.crysalia.com\/fr\/faire-carriere-avec-nous\/#primaryimage\"},\"thumbnailUrl\":\"https:\/\/www.crysalia.com\/wp-content\/uploads\/2021\/05\/Crysalia_Logo_Lockup_Colour_v2.png\",\"datePublished\":\"2021-04-22T20:43:47+00:00\",\"dateModified\":\"2026-04-27T12:50:49+00:00\",\"description\":\"Postulez pour faire carri\u00e8re au sein de l\u2019\u00e9quipe Crysalia. Nous offrons un environnement sain et accueillant qui favorise l\u2019\u00e9change de d\u2019expertise afin de d\u00e9multiplier les forces de tous.\",\"breadcrumb\":{\"@id\":\"https:\/\/www.crysalia.com\/fr\/faire-carriere-avec-nous\/#breadcrumb\"},\"inLanguage\":\"fr-FR\",\"potentialAction\":[{\"@type\":\"ReadAction\",\"target\":[\"https:\/\/www.crysalia.com\/fr\/faire-carriere-avec-nous\/\"]}]},{\"@type\":\"ImageObject\",\"inLanguage\":\"fr-FR\",\"@id\":\"https:\/\/www.crysalia.com\/fr\/faire-carriere-avec-nous\/#primaryimage\",\"url\":\"https:\/\/www.crysalia.com\/wp-content\/uploads\/2021\/05\/Crysalia_Logo_Lockup_Colour_v2.png\",\"contentUrl\":\"https:\/\/www.crysalia.com\/wp-content\/uploads\/2021\/05\/Crysalia_Logo_Lockup_Colour_v2.png\",\"width\":1265,\"height\":751,\"caption\":\"Crysalia Enterprising Family Advisory logo\"},{\"@type\":\"BreadcrumbList\",\"@id\":\"https:\/\/www.crysalia.com\/fr\/faire-carriere-avec-nous\/#breadcrumb\",\"itemListElement\":[{\"@type\":\"ListItem\",\"position\":1,\"name\":\"Home\",\"item\":\"https:\/\/www.crysalia.com\/fr\/\"},{\"@type\":\"ListItem\",\"position\":2,\"name\":\"FAIRE CARRI\u00c8RE AVEC NOUS\"}]},{\"@type\":\"WebSite\",\"@id\":\"https:\/\/www.crysalia.com\/fr\/#website\",\"url\":\"https:\/\/www.crysalia.com\/fr\/\",\"name\":\"Crysalia\",\"description\":\"Le bureau de la direction de l\u2019apprentissage et du d\u00e9veloppement pour les grandes familles en affaires\",\"publisher\":{\"@id\":\"https:\/\/www.crysalia.com\/fr\/#organization\"},\"potentialAction\":[{\"@type\":\"SearchAction\",\"target\":{\"@type\":\"EntryPoint\",\"urlTemplate\":\"https:\/\/www.crysalia.com\/fr\/?s={search_term_string}\"},\"query-input\":{\"@type\":\"PropertyValueSpecification\",\"valueRequired\":true,\"valueName\":\"search_term_string\"}}],\"inLanguage\":\"fr-FR\"},{\"@type\":\"Organization\",\"@id\":\"https:\/\/www.crysalia.com\/fr\/#organization\",\"name\":\"Crysalia\",\"url\":\"https:\/\/www.crysalia.com\/fr\/\",\"logo\":{\"@type\":\"ImageObject\",\"inLanguage\":\"fr-FR\",\"@id\":\"https:\/\/www.crysalia.com\/fr\/#\/schema\/logo\/image\/\",\"url\":\"https:\/\/www.crysalia.ca\/wp-content\/uploads\/2021\/04\/Crysalia-logo.svg\",\"contentUrl\":\"https:\/\/www.crysalia.ca\/wp-content\/uploads\/2021\/04\/Crysalia-logo.svg\",\"width\":\"1024\",\"height\":\"1024\",\"caption\":\"Crysalia\"},\"image\":{\"@id\":\"https:\/\/www.crysalia.com\/fr\/#\/schema\/logo\/image\/\"},\"sameAs\":[\"https:\/\/www.linkedin.com\/company\/crysalia\/\"]}]}<\/script>\n<!-- \/ Yoast SEO plugin. -->","yoast_head_json":{"title":"FAIRE CARRI\u00c8RE AVEC NOUS - Crysalia","description":"Postulez pour faire carri\u00e8re au sein de l\u2019\u00e9quipe Crysalia. Nous offrons un environnement sain et accueillant qui favorise l\u2019\u00e9change de d\u2019expertise afin de d\u00e9multiplier les forces de tous.","robots":{"index":"index","follow":"follow","max-snippet":"max-snippet:-1","max-image-preview":"max-image-preview:large","max-video-preview":"max-video-preview:-1"},"canonical":"https:\/\/www.crysalia.com\/fr\/faire-carriere-avec-nous\/","og_locale":"fr_FR","og_type":"article","og_title":"FAIRE CARRI\u00c8RE AVEC NOUS - Crysalia","og_description":"Postulez pour faire carri\u00e8re au sein de l\u2019\u00e9quipe Crysalia. Nous offrons un environnement sain et accueillant qui favorise l\u2019\u00e9change de d\u2019expertise afin de d\u00e9multiplier les forces de tous.","og_url":"https:\/\/www.crysalia.com\/fr\/faire-carriere-avec-nous\/","og_site_name":"Crysalia","article_modified_time":"2026-04-27T12:50:49+00:00","og_image":[{"width":1265,"height":751,"url":"https:\/\/www.crysalia.com\/wp-content\/uploads\/2021\/05\/Crysalia_Logo_Lockup_Colour_v2.png","type":"image\/png"}],"twitter_card":"summary_large_image","twitter_misc":{"Est. reading time":"2 minutes"},"schema":{"@context":"https:\/\/schema.org","@graph":[{"@type":"WebPage","@id":"https:\/\/www.crysalia.com\/fr\/faire-carriere-avec-nous\/","url":"https:\/\/www.crysalia.com\/fr\/faire-carriere-avec-nous\/","name":"FAIRE CARRI\u00c8RE AVEC NOUS - Crysalia","isPartOf":{"@id":"https:\/\/www.crysalia.com\/fr\/#website"},"primaryImageOfPage":{"@id":"https:\/\/www.crysalia.com\/fr\/faire-carriere-avec-nous\/#primaryimage"},"image":{"@id":"https:\/\/www.crysalia.com\/fr\/faire-carriere-avec-nous\/#primaryimage"},"thumbnailUrl":"https:\/\/www.crysalia.com\/wp-content\/uploads\/2021\/05\/Crysalia_Logo_Lockup_Colour_v2.png","datePublished":"2021-04-22T20:43:47+00:00","dateModified":"2026-04-27T12:50:49+00:00","description":"Postulez pour faire carri\u00e8re au sein de l\u2019\u00e9quipe Crysalia. Nous offrons un environnement sain et accueillant qui favorise l\u2019\u00e9change de d\u2019expertise afin de d\u00e9multiplier les forces de tous.","breadcrumb":{"@id":"https:\/\/www.crysalia.com\/fr\/faire-carriere-avec-nous\/#breadcrumb"},"inLanguage":"fr-FR","potentialAction":[{"@type":"ReadAction","target":["https:\/\/www.crysalia.com\/fr\/faire-carriere-avec-nous\/"]}]},{"@type":"ImageObject","inLanguage":"fr-FR","@id":"https:\/\/www.crysalia.com\/fr\/faire-carriere-avec-nous\/#primaryimage","url":"https:\/\/www.crysalia.com\/wp-content\/uploads\/2021\/05\/Crysalia_Logo_Lockup_Colour_v2.png","contentUrl":"https:\/\/www.crysalia.com\/wp-content\/uploads\/2021\/05\/Crysalia_Logo_Lockup_Colour_v2.png","width":1265,"height":751,"caption":"Crysalia Enterprising Family Advisory logo"},{"@type":"BreadcrumbList","@id":"https:\/\/www.crysalia.com\/fr\/faire-carriere-avec-nous\/#breadcrumb","itemListElement":[{"@type":"ListItem","position":1,"name":"Home","item":"https:\/\/www.crysalia.com\/fr\/"},{"@type":"ListItem","position":2,"name":"FAIRE CARRI\u00c8RE AVEC NOUS"}]},{"@type":"WebSite","@id":"https:\/\/www.crysalia.com\/fr\/#website","url":"https:\/\/www.crysalia.com\/fr\/","name":"Crysalia","description":"Le bureau de la direction de l\u2019apprentissage et du d\u00e9veloppement pour les grandes familles en affaires","publisher":{"@id":"https:\/\/www.crysalia.com\/fr\/#organization"},"potentialAction":[{"@type":"SearchAction","target":{"@type":"EntryPoint","urlTemplate":"https:\/\/www.crysalia.com\/fr\/?s={search_term_string}"},"query-input":{"@type":"PropertyValueSpecification","valueRequired":true,"valueName":"search_term_string"}}],"inLanguage":"fr-FR"},{"@type":"Organization","@id":"https:\/\/www.crysalia.com\/fr\/#organization","name":"Crysalia","url":"https:\/\/www.crysalia.com\/fr\/","logo":{"@type":"ImageObject","inLanguage":"fr-FR","@id":"https:\/\/www.crysalia.com\/fr\/#\/schema\/logo\/image\/","url":"https:\/\/www.crysalia.ca\/wp-content\/uploads\/2021\/04\/Crysalia-logo.svg","contentUrl":"https:\/\/www.crysalia.ca\/wp-content\/uploads\/2021\/04\/Crysalia-logo.svg","width":"1024","height":"1024","caption":"Crysalia"},"image":{"@id":"https:\/\/www.crysalia.com\/fr\/#\/schema\/logo\/image\/"},"sameAs":["https:\/\/www.linkedin.com\/company\/crysalia\/"]}]}},"_links":{"self":[{"href":"https:\/\/www.crysalia.com\/fr\/wp-json\/wp\/v2\/pages\/578","targetHints":{"allow":["GET"]}}],"collection":[{"href":"https:\/\/www.crysalia.com\/fr\/wp-json\/wp\/v2\/pages"}],"about":[{"href":"https:\/\/www.crysalia.com\/fr\/wp-json\/wp\/v2\/types\/page"}],"author":[{"embeddable":true,"href":"https:\/\/www.crysalia.com\/fr\/wp-json\/wp\/v2\/users\/1"}],"replies":[{"embeddable":true,"href":"https:\/\/www.crysalia.com\/fr\/wp-json\/wp\/v2\/comments?post=578"}],"version-history":[{"count":27,"href":"https:\/\/www.crysalia.com\/fr\/wp-json\/wp\/v2\/pages\/578\/revisions"}],"predecessor-version":[{"id":2631,"href":"https:\/\/www.crysalia.com\/fr\/wp-json\/wp\/v2\/pages\/578\/revisions\/2631"}],"wp:featuredmedia":[{"embeddable":true,"href":"https:\/\/www.crysalia.com\/fr\/wp-json\/wp\/v2\/media\/924"}],"wp:attachment":[{"href":"https:\/\/www.crysalia.com\/fr\/wp-json\/wp\/v2\/media?parent=578"}],"curies":[{"name":"wp","href":"https:\/\/api.w.org\/{rel}","templated":true}]}}