{"id":587,"date":"2021-04-22T20:43:58","date_gmt":"2021-04-22T20:43:58","guid":{"rendered":"https:\/\/www.crysalia.ca\/contact-us\/"},"modified":"2023-10-11T22:48:02","modified_gmt":"2023-10-12T02:48:02","slug":"pour-nous-joindre","status":"publish","type":"page","link":"https:\/\/www.crysalia.com\/fr\/pour-nous-joindre\/","title":{"rendered":"POUR NOUS JOINDRE"},"content":{"rendered":"\n\n\t\t\t\t<a href=\"\/fr\" target=\"_self\" itemprop=\"url\" rel=\"noopener\">\n\t\t\t\t<img decoding=\"async\" src=\"\/wp-content\/uploads\/2021\/04\/Crysalia-logo-rev.svg\" alt=\"Crysalia Service conseil pour les Grandes Familles logo blanc\" itemprop=\"image\" srcset=\"\/wp-content\/uploads\/2021\/04\/Crysalia-logo-rev.svg 1x, 2x\"\/>\n\t\t\t\t<\/a>\n\t\t\t\t\t<ul id=\"menu-menu-principal\"><li id=\"menu-item-599\"><a href=\"https:\/\/www.crysalia.ca\/fr\/solutions-pour-familles-en-affaires\/\">Solutions<\/a><\/li>\n<li id=\"menu-item-600\"><a href=\"https:\/\/www.crysalia.ca\/fr\/idees\/\">Id\u00e9es<\/a><\/li>\n<li id=\"menu-item-601\"><a href=\"https:\/\/www.crysalia.ca\/fr\/qui-nous-sommes\/\">Qui nous sommes<\/a><\/li>\n<li id=\"menu-item-602\"><a href=\"https:\/\/www.crysalia.ca\/fr\/faire-carriere-avec-nous\/\">Carri\u00e8res<\/a><\/li>\n<li id=\"menu-item-1902\"><a href=\"https:\/\/www.crysalia.ca\/fr\/analys\/\">Analys<\/a><\/li>\n<li id=\"menu-item-603\"><a href=\"https:\/\/www.crysalia.ca\/fr\/pour-nous-joindre\/\">Nous joindre<\/a><\/li>\n<li id=\"menu-item-wpml-ls-2-en\"><a title=\"EN\" href=\"https:\/\/www.crysalia.ca\/fr\/pour-nous-joindre\/\">EN<\/a><\/li>\n<\/ul>\t\n\t\t\t\t \t\t\t\t\t\t<ul id=\"menu-menu-principal-1\"><li id=\"menu-item-599\"><a href=\"https:\/\/www.crysalia.ca\/fr\/solutions-pour-familles-en-affaires\/\">Solutions<\/a><\/li>\n<li id=\"menu-item-600\"><a href=\"https:\/\/www.crysalia.ca\/fr\/idees\/\">Id\u00e9es<\/a><\/li>\n<li id=\"menu-item-601\"><a href=\"https:\/\/www.crysalia.ca\/fr\/qui-nous-sommes\/\">Qui nous sommes<\/a><\/li>\n<li id=\"menu-item-602\"><a href=\"https:\/\/www.crysalia.ca\/fr\/faire-carriere-avec-nous\/\">Carri\u00e8res<\/a><\/li>\n<li id=\"menu-item-1902\"><a href=\"https:\/\/www.crysalia.ca\/fr\/analys\/\">Analys<\/a><\/li>\n<li id=\"menu-item-603\"><a href=\"https:\/\/www.crysalia.ca\/fr\/pour-nous-joindre\/\">Nous joindre<\/a><\/li>\n<li id=\"menu-item-wpml-ls-2-en\"><a title=\"EN\" href=\"https:\/\/www.crysalia.ca\/fr\/pour-nous-joindre\/\">EN<\/a><\/li>\n<\/ul>\t\t\t\t\n\t\t\t<h1>\n\t\tCrysalia\n\t<\/h1>\n\t46 rue Le Royer Ouest<br \/>\nMontr\u00e9al (Qu\u00e9bec)<br \/>\nH2Y 1W7<br \/>\n<a href=\"tel:514-989-2335\">514-989-2335<\/a><br \/>\n<a href=\"mailto:info@crysalia.ca\">info@crysalia.ca<\/a>\n<h3>\n\t\tAbonnez-vous \u00e0 notre infolettre\n\t<\/h3>\n\n","protected":false},"excerpt":{"rendered":"<p>Solutions Id\u00e9es Qui nous sommes Carri\u00e8res Analys Nous joindre EN Solutions Id\u00e9es Qui nous sommes Carri\u00e8res Analys Nous joindre EN Crysalia 46 rue Le Royer Ouest Montr\u00e9al (Qu\u00e9bec) H2Y 1W7 514-989-2335 info@crysalia.ca Abonnez-vous \u00e0 notre infolettre<\/p>\n","protected":false},"author":1,"featured_media":924,"parent":0,"menu_order":0,"comment_status":"closed","ping_status":"closed","template":"","meta":{"inline_featured_image":false,"footnotes":""},"class_list":["post-587","page","type-page","status-publish","has-post-thumbnail","hentry"],"yoast_head":"<!-- This site is optimized with the Yoast SEO plugin v24.7 - https:\/\/yoast.com\/wordpress\/plugins\/seo\/ -->\n<title>POUR NOUS JOINDRE - Crysalia<\/title>\n<meta name=\"description\" content=\"Communiquez avec Crysalia par t\u00e9l\u00e9phone ou par courriel d\u00e8s aujourd\u2019hui pour obtenir de plus amples renseignements sur nos solutions pour les familles en affaires.\" \/>\n<meta name=\"robots\" content=\"index, follow, max-snippet:-1, max-image-preview:large, max-video-preview:-1\" \/>\n<link rel=\"canonical\" href=\"https:\/\/www.crysalia.com\/fr\/pour-nous-joindre\/\" \/>\n<meta property=\"og:locale\" content=\"fr_FR\" \/>\n<meta property=\"og:type\" content=\"article\" \/>\n<meta property=\"og:title\" content=\"POUR NOUS JOINDRE - Crysalia\" \/>\n<meta property=\"og:description\" content=\"Communiquez avec Crysalia par t\u00e9l\u00e9phone ou par courriel d\u00e8s aujourd\u2019hui pour obtenir de plus amples renseignements sur nos solutions pour les familles en affaires.\" \/>\n<meta property=\"og:url\" content=\"https:\/\/www.crysalia.com\/fr\/pour-nous-joindre\/\" \/>\n<meta property=\"og:site_name\" content=\"Crysalia\" \/>\n<meta property=\"article:modified_time\" content=\"2023-10-12T02:48:02+00:00\" \/>\n<meta property=\"og:image\" content=\"https:\/\/www.crysalia.com\/wp-content\/uploads\/2021\/05\/Crysalia_Logo_Lockup_Colour_v2.png\" \/>\n\t<meta property=\"og:image:width\" content=\"1265\" \/>\n\t<meta property=\"og:image:height\" content=\"751\" \/>\n\t<meta property=\"og:image:type\" content=\"image\/png\" \/>\n<meta name=\"twitter:card\" content=\"summary_large_image\" \/>\n<meta name=\"twitter:label1\" content=\"Est. reading time\" \/>\n\t<meta name=\"twitter:data1\" content=\"1 minute\" \/>\n<script type=\"application\/ld+json\" class=\"yoast-schema-graph\">{\"@context\":\"https:\/\/schema.org\",\"@graph\":[{\"@type\":\"WebPage\",\"@id\":\"https:\/\/www.crysalia.com\/fr\/pour-nous-joindre\/\",\"url\":\"https:\/\/www.crysalia.com\/fr\/pour-nous-joindre\/\",\"name\":\"POUR NOUS JOINDRE - Crysalia\",\"isPartOf\":{\"@id\":\"https:\/\/www.crysalia.com\/fr\/#website\"},\"primaryImageOfPage\":{\"@id\":\"https:\/\/www.crysalia.com\/fr\/pour-nous-joindre\/#primaryimage\"},\"image\":{\"@id\":\"https:\/\/www.crysalia.com\/fr\/pour-nous-joindre\/#primaryimage\"},\"thumbnailUrl\":\"https:\/\/www.crysalia.com\/wp-content\/uploads\/2021\/05\/Crysalia_Logo_Lockup_Colour_v2.png\",\"datePublished\":\"2021-04-22T20:43:58+00:00\",\"dateModified\":\"2023-10-12T02:48:02+00:00\",\"description\":\"Communiquez avec Crysalia par t\u00e9l\u00e9phone ou par courriel d\u00e8s aujourd\u2019hui pour obtenir de plus amples renseignements sur nos solutions pour les familles en affaires.\",\"breadcrumb\":{\"@id\":\"https:\/\/www.crysalia.com\/fr\/pour-nous-joindre\/#breadcrumb\"},\"inLanguage\":\"fr-FR\",\"potentialAction\":[{\"@type\":\"ReadAction\",\"target\":[\"https:\/\/www.crysalia.com\/fr\/pour-nous-joindre\/\"]}]},{\"@type\":\"ImageObject\",\"inLanguage\":\"fr-FR\",\"@id\":\"https:\/\/www.crysalia.com\/fr\/pour-nous-joindre\/#primaryimage\",\"url\":\"https:\/\/www.crysalia.com\/wp-content\/uploads\/2021\/05\/Crysalia_Logo_Lockup_Colour_v2.png\",\"contentUrl\":\"https:\/\/www.crysalia.com\/wp-content\/uploads\/2021\/05\/Crysalia_Logo_Lockup_Colour_v2.png\",\"width\":1265,\"height\":751,\"caption\":\"Crysalia Enterprising Family Advisory logo\"},{\"@type\":\"BreadcrumbList\",\"@id\":\"https:\/\/www.crysalia.com\/fr\/pour-nous-joindre\/#breadcrumb\",\"itemListElement\":[{\"@type\":\"ListItem\",\"position\":1,\"name\":\"Home\",\"item\":\"https:\/\/www.crysalia.com\/fr\/\"},{\"@type\":\"ListItem\",\"position\":2,\"name\":\"POUR NOUS JOINDRE\"}]},{\"@type\":\"WebSite\",\"@id\":\"https:\/\/www.crysalia.com\/fr\/#website\",\"url\":\"https:\/\/www.crysalia.com\/fr\/\",\"name\":\"Crysalia\",\"description\":\"Le bureau de la direction de l\u2019apprentissage et du d\u00e9veloppement pour les grandes familles en affaires\",\"publisher\":{\"@id\":\"https:\/\/www.crysalia.com\/fr\/#organization\"},\"potentialAction\":[{\"@type\":\"SearchAction\",\"target\":{\"@type\":\"EntryPoint\",\"urlTemplate\":\"https:\/\/www.crysalia.com\/fr\/?s={search_term_string}\"},\"query-input\":{\"@type\":\"PropertyValueSpecification\",\"valueRequired\":true,\"valueName\":\"search_term_string\"}}],\"inLanguage\":\"fr-FR\"},{\"@type\":\"Organization\",\"@id\":\"https:\/\/www.crysalia.com\/fr\/#organization\",\"name\":\"Crysalia\",\"url\":\"https:\/\/www.crysalia.com\/fr\/\",\"logo\":{\"@type\":\"ImageObject\",\"inLanguage\":\"fr-FR\",\"@id\":\"https:\/\/www.crysalia.com\/fr\/#\/schema\/logo\/image\/\",\"url\":\"https:\/\/www.crysalia.ca\/wp-content\/uploads\/2021\/04\/Crysalia-logo.svg\",\"contentUrl\":\"https:\/\/www.crysalia.ca\/wp-content\/uploads\/2021\/04\/Crysalia-logo.svg\",\"width\":\"1024\",\"height\":\"1024\",\"caption\":\"Crysalia\"},\"image\":{\"@id\":\"https:\/\/www.crysalia.com\/fr\/#\/schema\/logo\/image\/\"},\"sameAs\":[\"https:\/\/www.linkedin.com\/company\/crysalia\/\"]}]}<\/script>\n<!-- \/ Yoast SEO plugin. -->","yoast_head_json":{"title":"POUR NOUS JOINDRE - Crysalia","description":"Communiquez avec Crysalia par t\u00e9l\u00e9phone ou par courriel d\u00e8s aujourd\u2019hui pour obtenir de plus amples renseignements sur nos solutions pour les familles en affaires.","robots":{"index":"index","follow":"follow","max-snippet":"max-snippet:-1","max-image-preview":"max-image-preview:large","max-video-preview":"max-video-preview:-1"},"canonical":"https:\/\/www.crysalia.com\/fr\/pour-nous-joindre\/","og_locale":"fr_FR","og_type":"article","og_title":"POUR NOUS JOINDRE - Crysalia","og_description":"Communiquez avec Crysalia par t\u00e9l\u00e9phone ou par courriel d\u00e8s aujourd\u2019hui pour obtenir de plus amples renseignements sur nos solutions pour les familles en affaires.","og_url":"https:\/\/www.crysalia.com\/fr\/pour-nous-joindre\/","og_site_name":"Crysalia","article_modified_time":"2023-10-12T02:48:02+00:00","og_image":[{"width":1265,"height":751,"url":"https:\/\/www.crysalia.com\/wp-content\/uploads\/2021\/05\/Crysalia_Logo_Lockup_Colour_v2.png","type":"image\/png"}],"twitter_card":"summary_large_image","twitter_misc":{"Est. reading time":"1 minute"},"schema":{"@context":"https:\/\/schema.org","@graph":[{"@type":"WebPage","@id":"https:\/\/www.crysalia.com\/fr\/pour-nous-joindre\/","url":"https:\/\/www.crysalia.com\/fr\/pour-nous-joindre\/","name":"POUR NOUS JOINDRE - Crysalia","isPartOf":{"@id":"https:\/\/www.crysalia.com\/fr\/#website"},"primaryImageOfPage":{"@id":"https:\/\/www.crysalia.com\/fr\/pour-nous-joindre\/#primaryimage"},"image":{"@id":"https:\/\/www.crysalia.com\/fr\/pour-nous-joindre\/#primaryimage"},"thumbnailUrl":"https:\/\/www.crysalia.com\/wp-content\/uploads\/2021\/05\/Crysalia_Logo_Lockup_Colour_v2.png","datePublished":"2021-04-22T20:43:58+00:00","dateModified":"2023-10-12T02:48:02+00:00","description":"Communiquez avec Crysalia par t\u00e9l\u00e9phone ou par courriel d\u00e8s aujourd\u2019hui pour obtenir de plus amples renseignements sur nos solutions pour les familles en affaires.","breadcrumb":{"@id":"https:\/\/www.crysalia.com\/fr\/pour-nous-joindre\/#breadcrumb"},"inLanguage":"fr-FR","potentialAction":[{"@type":"ReadAction","target":["https:\/\/www.crysalia.com\/fr\/pour-nous-joindre\/"]}]},{"@type":"ImageObject","inLanguage":"fr-FR","@id":"https:\/\/www.crysalia.com\/fr\/pour-nous-joindre\/#primaryimage","url":"https:\/\/www.crysalia.com\/wp-content\/uploads\/2021\/05\/Crysalia_Logo_Lockup_Colour_v2.png","contentUrl":"https:\/\/www.crysalia.com\/wp-content\/uploads\/2021\/05\/Crysalia_Logo_Lockup_Colour_v2.png","width":1265,"height":751,"caption":"Crysalia Enterprising Family Advisory logo"},{"@type":"BreadcrumbList","@id":"https:\/\/www.crysalia.com\/fr\/pour-nous-joindre\/#breadcrumb","itemListElement":[{"@type":"ListItem","position":1,"name":"Home","item":"https:\/\/www.crysalia.com\/fr\/"},{"@type":"ListItem","position":2,"name":"POUR NOUS JOINDRE"}]},{"@type":"WebSite","@id":"https:\/\/www.crysalia.com\/fr\/#website","url":"https:\/\/www.crysalia.com\/fr\/","name":"Crysalia","description":"Le bureau de la direction de l\u2019apprentissage et du d\u00e9veloppement pour les grandes familles en affaires","publisher":{"@id":"https:\/\/www.crysalia.com\/fr\/#organization"},"potentialAction":[{"@type":"SearchAction","target":{"@type":"EntryPoint","urlTemplate":"https:\/\/www.crysalia.com\/fr\/?s={search_term_string}"},"query-input":{"@type":"PropertyValueSpecification","valueRequired":true,"valueName":"search_term_string"}}],"inLanguage":"fr-FR"},{"@type":"Organization","@id":"https:\/\/www.crysalia.com\/fr\/#organization","name":"Crysalia","url":"https:\/\/www.crysalia.com\/fr\/","logo":{"@type":"ImageObject","inLanguage":"fr-FR","@id":"https:\/\/www.crysalia.com\/fr\/#\/schema\/logo\/image\/","url":"https:\/\/www.crysalia.ca\/wp-content\/uploads\/2021\/04\/Crysalia-logo.svg","contentUrl":"https:\/\/www.crysalia.ca\/wp-content\/uploads\/2021\/04\/Crysalia-logo.svg","width":"1024","height":"1024","caption":"Crysalia"},"image":{"@id":"https:\/\/www.crysalia.com\/fr\/#\/schema\/logo\/image\/"},"sameAs":["https:\/\/www.linkedin.com\/company\/crysalia\/"]}]}},"_links":{"self":[{"href":"https:\/\/www.crysalia.com\/fr\/wp-json\/wp\/v2\/pages\/587","targetHints":{"allow":["GET"]}}],"collection":[{"href":"https:\/\/www.crysalia.com\/fr\/wp-json\/wp\/v2\/pages"}],"about":[{"href":"https:\/\/www.crysalia.com\/fr\/wp-json\/wp\/v2\/types\/page"}],"author":[{"embeddable":true,"href":"https:\/\/www.crysalia.com\/fr\/wp-json\/wp\/v2\/users\/1"}],"replies":[{"embeddable":true,"href":"https:\/\/www.crysalia.com\/fr\/wp-json\/wp\/v2\/comments?post=587"}],"version-history":[{"count":15,"href":"https:\/\/www.crysalia.com\/fr\/wp-json\/wp\/v2\/pages\/587\/revisions"}],"predecessor-version":[{"id":1939,"href":"https:\/\/www.crysalia.com\/fr\/wp-json\/wp\/v2\/pages\/587\/revisions\/1939"}],"wp:featuredmedia":[{"embeddable":true,"href":"https:\/\/www.crysalia.com\/fr\/wp-json\/wp\/v2\/media\/924"}],"wp:attachment":[{"href":"https:\/\/www.crysalia.com\/fr\/wp-json\/wp\/v2\/media?parent=587"}],"curies":[{"name":"wp","href":"https:\/\/api.w.org\/{rel}","templated":true}]}}