{"id":594,"date":"2021-04-22T20:32:30","date_gmt":"2021-04-22T20:32:30","guid":{"rendered":"https:\/\/www.crysalia.ca\/ideas\/"},"modified":"2025-09-25T17:23:30","modified_gmt":"2025-09-25T21:23:30","slug":"idees","status":"publish","type":"page","link":"https:\/\/www.crysalia.com\/fr\/idees\/","title":{"rendered":"ID\u00c9ES"},"content":{"rendered":"\n\n\t\t\t\t<a href=\"\/fr\" target=\"_self\" itemprop=\"url\" rel=\"noopener\">\n\t\t\t\t<img decoding=\"async\" src=\"\/wp-content\/uploads\/2021\/04\/Crysalia-logo-rev.svg\" alt=\"Crysalia Service conseil pour les Grandes Familles logo blanc\" itemprop=\"image\" srcset=\"\/wp-content\/uploads\/2021\/04\/Crysalia-logo-rev.svg 1x, 2x\"\/>\n\t\t\t\t<\/a>\n\t\t\t\t\t<ul id=\"menu-menu-principal\"><li id=\"menu-item-599\"><a href=\"https:\/\/www.crysalia.ca\/fr\/solutions-pour-familles-en-affaires\/\">Solutions<\/a><\/li>\n<li id=\"menu-item-600\"><a href=\"https:\/\/www.crysalia.ca\/fr\/idees\/\">Id\u00e9es<\/a><\/li>\n<li id=\"menu-item-601\"><a href=\"https:\/\/www.crysalia.ca\/fr\/qui-nous-sommes\/\">Qui nous sommes<\/a><\/li>\n<li id=\"menu-item-602\"><a href=\"https:\/\/www.crysalia.ca\/fr\/faire-carriere-avec-nous\/\">Carri\u00e8res<\/a><\/li>\n<li id=\"menu-item-1902\"><a href=\"https:\/\/www.crysalia.ca\/fr\/analys\/\">Analys<\/a><\/li>\n<li id=\"menu-item-603\"><a href=\"https:\/\/www.crysalia.ca\/fr\/pour-nous-joindre\/\">Nous joindre<\/a><\/li>\n<li id=\"menu-item-wpml-ls-2-en\"><a title=\"EN\" href=\"https:\/\/www.crysalia.ca\/fr\/idees\/\">EN<\/a><\/li>\n<\/ul>\t\n\t\t\t\t \t\t\t\t\t\t<ul id=\"menu-menu-principal-1\"><li id=\"menu-item-599\"><a href=\"https:\/\/www.crysalia.ca\/fr\/solutions-pour-familles-en-affaires\/\">Solutions<\/a><\/li>\n<li id=\"menu-item-600\"><a href=\"https:\/\/www.crysalia.ca\/fr\/idees\/\">Id\u00e9es<\/a><\/li>\n<li id=\"menu-item-601\"><a href=\"https:\/\/www.crysalia.ca\/fr\/qui-nous-sommes\/\">Qui nous sommes<\/a><\/li>\n<li id=\"menu-item-602\"><a href=\"https:\/\/www.crysalia.ca\/fr\/faire-carriere-avec-nous\/\">Carri\u00e8res<\/a><\/li>\n<li id=\"menu-item-1902\"><a href=\"https:\/\/www.crysalia.ca\/fr\/analys\/\">Analys<\/a><\/li>\n<li id=\"menu-item-603\"><a href=\"https:\/\/www.crysalia.ca\/fr\/pour-nous-joindre\/\">Nous joindre<\/a><\/li>\n<li id=\"menu-item-wpml-ls-2-en\"><a title=\"EN\" href=\"https:\/\/www.crysalia.ca\/fr\/idees\/\">EN<\/a><\/li>\n<\/ul>\t\t\t\t\n\t\t\t<h1>\n\t\tId\u00e9es  \n\t<\/h1>\n\t<h3>Diff\u00e9rents points de vue en mati\u00e8re d&rsquo;objectif, d&rsquo;adaptabilit\u00e9 et de p\u00e9rennit\u00e9 des familles en affaires.<\/h3>\n\t<p>Chaque membre d&rsquo;une famille en affaires joue plusieurs r\u00f4les : \u00eatre propri\u00e9taires, directeurs, op\u00e9rateurs, employ\u00e9s, enfants, parents, fr\u00e8res ou s\u0153urs selon la sph\u00e8re de vie\u200b\u200b\u200b. Ces diff\u00e9rents r\u00f4les se manifestent sur diff\u00e9rents forums : la table de cuisine, le conseil de famille ou\u200b\u200b\u200b la salle de conf\u00e9rence.\u200b Pour les familles en affaires dont la perspective s&rsquo;\u00e9tend sur plusieurs g\u00e9n\u00e9rations, la gestion des diff\u00e9rents r\u00f4les, des r\u00e8gles et des attentes peut engendrer des\u200b\u200b\u200b paradoxes\u200b\u200b\u200b, des ruptures de communication et des sources de tension qui nuiront tant \u00e0 la long\u00e9vit\u00e9 qu&rsquo;\u00e0 la p\u00e9rennit\u00e9 du patrimoine.<\/p>\n<p>Cette section propose plusieurs \u00e9v\u00e9nements, s\u00e9minaires en ligne, blogues et articles qui contribuent \u00e0 mieux saisir la complexit\u00e9 des syst\u00e8mes et des interactions en pr\u00e9sentant diff\u00e9rents points de vue sur des sujets connexes.<\/p>\n<h3>\n\t\tAbonnez-vous \u00e0 notre infolettre\n\t<\/h3>\n\n","protected":false},"excerpt":{"rendered":"<p>Solutions Id\u00e9es Qui nous sommes Carri\u00e8res Analys Nous joindre EN Solutions Id\u00e9es Qui nous sommes Carri\u00e8res Analys Nous joindre EN Id\u00e9es Diff\u00e9rents points de vue en mati\u00e8re d&rsquo;objectif, d&rsquo;adaptabilit\u00e9 et de p\u00e9rennit\u00e9 des familles en affaires. Chaque membre d&rsquo;une famille en affaires joue plusieurs r\u00f4les : \u00eatre propri\u00e9taires, directeurs, op\u00e9rateurs, employ\u00e9s, enfants, parents, fr\u00e8res ou&hellip;<\/p>\n","protected":false},"author":1,"featured_media":924,"parent":0,"menu_order":0,"comment_status":"closed","ping_status":"closed","template":"","meta":{"inline_featured_image":false,"footnotes":""},"class_list":["post-594","page","type-page","status-publish","has-post-thumbnail","hentry"],"yoast_head":"<!-- This site is optimized with the Yoast SEO plugin v24.7 - https:\/\/yoast.com\/wordpress\/plugins\/seo\/ -->\n<title>ID\u00c9ES - Crysalia<\/title>\n<meta name=\"description\" content=\"Nos id\u00e9es et notre point de vue sur le d\u00e9veloppement du talent et du leadership, la gestion de la marque familiale, l\u2019encouragement au dialogue et la prise en compte des divers points de vue au sein de la famille et la capacit\u00e9 \u00e0 adapter ses fa\u00e7ons d\u2019agir.\" \/>\n<meta name=\"robots\" content=\"index, follow, max-snippet:-1, max-image-preview:large, max-video-preview:-1\" \/>\n<link rel=\"canonical\" href=\"https:\/\/www.crysalia.com\/fr\/idees\/\" \/>\n<meta property=\"og:locale\" content=\"fr_FR\" \/>\n<meta property=\"og:type\" content=\"article\" \/>\n<meta property=\"og:title\" content=\"ID\u00c9ES - Crysalia\" \/>\n<meta property=\"og:description\" content=\"Nos id\u00e9es et notre point de vue sur le d\u00e9veloppement du talent et du leadership, la gestion de la marque familiale, l\u2019encouragement au dialogue et la prise en compte des divers points de vue au sein de la famille et la capacit\u00e9 \u00e0 adapter ses fa\u00e7ons d\u2019agir.\" \/>\n<meta property=\"og:url\" content=\"https:\/\/www.crysalia.com\/fr\/idees\/\" \/>\n<meta property=\"og:site_name\" content=\"Crysalia\" \/>\n<meta property=\"article:modified_time\" content=\"2025-09-25T21:23:30+00:00\" \/>\n<meta property=\"og:image\" content=\"https:\/\/www.crysalia.com\/wp-content\/uploads\/2021\/05\/Crysalia_Logo_Lockup_Colour_v2.png\" \/>\n\t<meta property=\"og:image:width\" content=\"1265\" \/>\n\t<meta property=\"og:image:height\" content=\"751\" \/>\n\t<meta property=\"og:image:type\" content=\"image\/png\" \/>\n<meta name=\"twitter:card\" content=\"summary_large_image\" \/>\n<meta name=\"twitter:label1\" content=\"Est. reading time\" \/>\n\t<meta name=\"twitter:data1\" content=\"2 minutes\" \/>\n<script type=\"application\/ld+json\" class=\"yoast-schema-graph\">{\"@context\":\"https:\/\/schema.org\",\"@graph\":[{\"@type\":\"WebPage\",\"@id\":\"https:\/\/www.crysalia.com\/fr\/idees\/\",\"url\":\"https:\/\/www.crysalia.com\/fr\/idees\/\",\"name\":\"ID\u00c9ES - Crysalia\",\"isPartOf\":{\"@id\":\"https:\/\/www.crysalia.com\/fr\/#website\"},\"primaryImageOfPage\":{\"@id\":\"https:\/\/www.crysalia.com\/fr\/idees\/#primaryimage\"},\"image\":{\"@id\":\"https:\/\/www.crysalia.com\/fr\/idees\/#primaryimage\"},\"thumbnailUrl\":\"https:\/\/www.crysalia.com\/wp-content\/uploads\/2021\/05\/Crysalia_Logo_Lockup_Colour_v2.png\",\"datePublished\":\"2021-04-22T20:32:30+00:00\",\"dateModified\":\"2025-09-25T21:23:30+00:00\",\"description\":\"Nos id\u00e9es et notre point de vue sur le d\u00e9veloppement du talent et du leadership, la gestion de la marque familiale, l\u2019encouragement au dialogue et la prise en compte des divers points de vue au sein de la famille et la capacit\u00e9 \u00e0 adapter ses fa\u00e7ons d\u2019agir.\",\"breadcrumb\":{\"@id\":\"https:\/\/www.crysalia.com\/fr\/idees\/#breadcrumb\"},\"inLanguage\":\"fr-FR\",\"potentialAction\":[{\"@type\":\"ReadAction\",\"target\":[\"https:\/\/www.crysalia.com\/fr\/idees\/\"]}]},{\"@type\":\"ImageObject\",\"inLanguage\":\"fr-FR\",\"@id\":\"https:\/\/www.crysalia.com\/fr\/idees\/#primaryimage\",\"url\":\"https:\/\/www.crysalia.com\/wp-content\/uploads\/2021\/05\/Crysalia_Logo_Lockup_Colour_v2.png\",\"contentUrl\":\"https:\/\/www.crysalia.com\/wp-content\/uploads\/2021\/05\/Crysalia_Logo_Lockup_Colour_v2.png\",\"width\":1265,\"height\":751,\"caption\":\"Crysalia Enterprising Family Advisory logo\"},{\"@type\":\"BreadcrumbList\",\"@id\":\"https:\/\/www.crysalia.com\/fr\/idees\/#breadcrumb\",\"itemListElement\":[{\"@type\":\"ListItem\",\"position\":1,\"name\":\"Home\",\"item\":\"https:\/\/www.crysalia.com\/fr\/\"},{\"@type\":\"ListItem\",\"position\":2,\"name\":\"ID\u00c9ES\"}]},{\"@type\":\"WebSite\",\"@id\":\"https:\/\/www.crysalia.com\/fr\/#website\",\"url\":\"https:\/\/www.crysalia.com\/fr\/\",\"name\":\"Crysalia\",\"description\":\"Le bureau de la direction de l\u2019apprentissage et du d\u00e9veloppement pour les grandes familles en affaires\",\"publisher\":{\"@id\":\"https:\/\/www.crysalia.com\/fr\/#organization\"},\"potentialAction\":[{\"@type\":\"SearchAction\",\"target\":{\"@type\":\"EntryPoint\",\"urlTemplate\":\"https:\/\/www.crysalia.com\/fr\/?s={search_term_string}\"},\"query-input\":{\"@type\":\"PropertyValueSpecification\",\"valueRequired\":true,\"valueName\":\"search_term_string\"}}],\"inLanguage\":\"fr-FR\"},{\"@type\":\"Organization\",\"@id\":\"https:\/\/www.crysalia.com\/fr\/#organization\",\"name\":\"Crysalia\",\"url\":\"https:\/\/www.crysalia.com\/fr\/\",\"logo\":{\"@type\":\"ImageObject\",\"inLanguage\":\"fr-FR\",\"@id\":\"https:\/\/www.crysalia.com\/fr\/#\/schema\/logo\/image\/\",\"url\":\"https:\/\/www.crysalia.ca\/wp-content\/uploads\/2021\/04\/Crysalia-logo.svg\",\"contentUrl\":\"https:\/\/www.crysalia.ca\/wp-content\/uploads\/2021\/04\/Crysalia-logo.svg\",\"width\":\"1024\",\"height\":\"1024\",\"caption\":\"Crysalia\"},\"image\":{\"@id\":\"https:\/\/www.crysalia.com\/fr\/#\/schema\/logo\/image\/\"},\"sameAs\":[\"https:\/\/www.linkedin.com\/company\/crysalia\/\"]}]}<\/script>\n<!-- \/ Yoast SEO plugin. -->","yoast_head_json":{"title":"ID\u00c9ES - Crysalia","description":"Nos id\u00e9es et notre point de vue sur le d\u00e9veloppement du talent et du leadership, la gestion de la marque familiale, l\u2019encouragement au dialogue et la prise en compte des divers points de vue au sein de la famille et la capacit\u00e9 \u00e0 adapter ses fa\u00e7ons d\u2019agir.","robots":{"index":"index","follow":"follow","max-snippet":"max-snippet:-1","max-image-preview":"max-image-preview:large","max-video-preview":"max-video-preview:-1"},"canonical":"https:\/\/www.crysalia.com\/fr\/idees\/","og_locale":"fr_FR","og_type":"article","og_title":"ID\u00c9ES - Crysalia","og_description":"Nos id\u00e9es et notre point de vue sur le d\u00e9veloppement du talent et du leadership, la gestion de la marque familiale, l\u2019encouragement au dialogue et la prise en compte des divers points de vue au sein de la famille et la capacit\u00e9 \u00e0 adapter ses fa\u00e7ons d\u2019agir.","og_url":"https:\/\/www.crysalia.com\/fr\/idees\/","og_site_name":"Crysalia","article_modified_time":"2025-09-25T21:23:30+00:00","og_image":[{"width":1265,"height":751,"url":"https:\/\/www.crysalia.com\/wp-content\/uploads\/2021\/05\/Crysalia_Logo_Lockup_Colour_v2.png","type":"image\/png"}],"twitter_card":"summary_large_image","twitter_misc":{"Est. reading time":"2 minutes"},"schema":{"@context":"https:\/\/schema.org","@graph":[{"@type":"WebPage","@id":"https:\/\/www.crysalia.com\/fr\/idees\/","url":"https:\/\/www.crysalia.com\/fr\/idees\/","name":"ID\u00c9ES - Crysalia","isPartOf":{"@id":"https:\/\/www.crysalia.com\/fr\/#website"},"primaryImageOfPage":{"@id":"https:\/\/www.crysalia.com\/fr\/idees\/#primaryimage"},"image":{"@id":"https:\/\/www.crysalia.com\/fr\/idees\/#primaryimage"},"thumbnailUrl":"https:\/\/www.crysalia.com\/wp-content\/uploads\/2021\/05\/Crysalia_Logo_Lockup_Colour_v2.png","datePublished":"2021-04-22T20:32:30+00:00","dateModified":"2025-09-25T21:23:30+00:00","description":"Nos id\u00e9es et notre point de vue sur le d\u00e9veloppement du talent et du leadership, la gestion de la marque familiale, l\u2019encouragement au dialogue et la prise en compte des divers points de vue au sein de la famille et la capacit\u00e9 \u00e0 adapter ses fa\u00e7ons d\u2019agir.","breadcrumb":{"@id":"https:\/\/www.crysalia.com\/fr\/idees\/#breadcrumb"},"inLanguage":"fr-FR","potentialAction":[{"@type":"ReadAction","target":["https:\/\/www.crysalia.com\/fr\/idees\/"]}]},{"@type":"ImageObject","inLanguage":"fr-FR","@id":"https:\/\/www.crysalia.com\/fr\/idees\/#primaryimage","url":"https:\/\/www.crysalia.com\/wp-content\/uploads\/2021\/05\/Crysalia_Logo_Lockup_Colour_v2.png","contentUrl":"https:\/\/www.crysalia.com\/wp-content\/uploads\/2021\/05\/Crysalia_Logo_Lockup_Colour_v2.png","width":1265,"height":751,"caption":"Crysalia Enterprising Family Advisory logo"},{"@type":"BreadcrumbList","@id":"https:\/\/www.crysalia.com\/fr\/idees\/#breadcrumb","itemListElement":[{"@type":"ListItem","position":1,"name":"Home","item":"https:\/\/www.crysalia.com\/fr\/"},{"@type":"ListItem","position":2,"name":"ID\u00c9ES"}]},{"@type":"WebSite","@id":"https:\/\/www.crysalia.com\/fr\/#website","url":"https:\/\/www.crysalia.com\/fr\/","name":"Crysalia","description":"Le bureau de la direction de l\u2019apprentissage et du d\u00e9veloppement pour les grandes familles en affaires","publisher":{"@id":"https:\/\/www.crysalia.com\/fr\/#organization"},"potentialAction":[{"@type":"SearchAction","target":{"@type":"EntryPoint","urlTemplate":"https:\/\/www.crysalia.com\/fr\/?s={search_term_string}"},"query-input":{"@type":"PropertyValueSpecification","valueRequired":true,"valueName":"search_term_string"}}],"inLanguage":"fr-FR"},{"@type":"Organization","@id":"https:\/\/www.crysalia.com\/fr\/#organization","name":"Crysalia","url":"https:\/\/www.crysalia.com\/fr\/","logo":{"@type":"ImageObject","inLanguage":"fr-FR","@id":"https:\/\/www.crysalia.com\/fr\/#\/schema\/logo\/image\/","url":"https:\/\/www.crysalia.ca\/wp-content\/uploads\/2021\/04\/Crysalia-logo.svg","contentUrl":"https:\/\/www.crysalia.ca\/wp-content\/uploads\/2021\/04\/Crysalia-logo.svg","width":"1024","height":"1024","caption":"Crysalia"},"image":{"@id":"https:\/\/www.crysalia.com\/fr\/#\/schema\/logo\/image\/"},"sameAs":["https:\/\/www.linkedin.com\/company\/crysalia\/"]}]}},"_links":{"self":[{"href":"https:\/\/www.crysalia.com\/fr\/wp-json\/wp\/v2\/pages\/594","targetHints":{"allow":["GET"]}}],"collection":[{"href":"https:\/\/www.crysalia.com\/fr\/wp-json\/wp\/v2\/pages"}],"about":[{"href":"https:\/\/www.crysalia.com\/fr\/wp-json\/wp\/v2\/types\/page"}],"author":[{"embeddable":true,"href":"https:\/\/www.crysalia.com\/fr\/wp-json\/wp\/v2\/users\/1"}],"replies":[{"embeddable":true,"href":"https:\/\/www.crysalia.com\/fr\/wp-json\/wp\/v2\/comments?post=594"}],"version-history":[{"count":16,"href":"https:\/\/www.crysalia.com\/fr\/wp-json\/wp\/v2\/pages\/594\/revisions"}],"predecessor-version":[{"id":2519,"href":"https:\/\/www.crysalia.com\/fr\/wp-json\/wp\/v2\/pages\/594\/revisions\/2519"}],"wp:featuredmedia":[{"embeddable":true,"href":"https:\/\/www.crysalia.com\/fr\/wp-json\/wp\/v2\/media\/924"}],"wp:attachment":[{"href":"https:\/\/www.crysalia.com\/fr\/wp-json\/wp\/v2\/media?parent=594"}],"curies":[{"name":"wp","href":"https:\/\/api.w.org\/{rel}","templated":true}]}}