{"id":597,"date":"2021-04-22T17:59:15","date_gmt":"2021-04-22T17:59:15","guid":{"rendered":"https:\/\/www.crysalia.ca\/privacy-policy\/"},"modified":"2021-05-26T13:25:09","modified_gmt":"2021-05-26T13:25:09","slug":"politique-de-confidentialite","status":"publish","type":"page","link":"https:\/\/www.crysalia.com\/fr\/politique-de-confidentialite\/","title":{"rendered":"Politique de Confidentialit\u00e9"},"content":{"rendered":"\n<a href=\"\/\" target=\"_self\" itemprop=\"url\" rel=\"noopener\">\n\t\t\t\t<img decoding=\"async\" src=\"\/wp-content\/uploads\/2021\/04\/Crysalia-logo-rev.svg\" alt=\"Crysalia Service conseil pour les Grandes Familles logo blanc\" itemprop=\"image\" srcset=\"\/wp-content\/uploads\/2021\/04\/Crysalia-logo-rev.svg 1x, 2x\">\n\t\t\t\t<\/a>\n\t\t\t\t\t<ul id=\"menu-menu-principal\"><li id=\"menu-item-599\"><a href=\"https:\/\/www.crysalia.ca\/fr\/solutions-pour-familles-en-affaires\/\">Solutions<\/a><\/li>\n<li id=\"menu-item-600\"><a href=\"https:\/\/www.crysalia.ca\/fr\/idees\/\">Id\u00e9es<\/a><\/li>\n<li id=\"menu-item-601\"><a href=\"https:\/\/www.crysalia.ca\/fr\/qui-nous-sommes\/\">Qui nous sommes<\/a><\/li>\n<li id=\"menu-item-602\"><a href=\"https:\/\/www.crysalia.ca\/fr\/faire-carriere-avec-nous\/\">Carri\u00e8res<\/a><\/li>\n<li id=\"menu-item-699\"><a href=\"https:\/\/www.crysalia.ca\/fr\/nouvelles\/\">Nouvelles<\/a><\/li>\n<li id=\"menu-item-603\"><a href=\"https:\/\/www.crysalia.ca\/fr\/pour-nous-joindre\/\">Nous joindre<\/a><\/li>\n<li id=\"menu-item-wpml-ls-2-en\"><a title=\"EN\" href=\"https:\/\/www.crysalia.ca\/fr\/politique-de-confidentialite\/\">EN<\/a><\/li>\n<\/ul>\t\n\t\t\t\t \t\t\t\t\t\t<ul id=\"menu-menu-principal-1\"><li id=\"menu-item-599\"><a href=\"https:\/\/www.crysalia.ca\/fr\/solutions-pour-familles-en-affaires\/\">Solutions<\/a><\/li>\n<li id=\"menu-item-600\"><a href=\"https:\/\/www.crysalia.ca\/fr\/idees\/\">Id\u00e9es<\/a><\/li>\n<li id=\"menu-item-601\"><a href=\"https:\/\/www.crysalia.ca\/fr\/qui-nous-sommes\/\">Qui nous sommes<\/a><\/li>\n<li id=\"menu-item-602\"><a href=\"https:\/\/www.crysalia.ca\/fr\/faire-carriere-avec-nous\/\">Carri\u00e8res<\/a><\/li>\n<li id=\"menu-item-699\"><a href=\"https:\/\/www.crysalia.ca\/fr\/nouvelles\/\">Nouvelles<\/a><\/li>\n<li id=\"menu-item-603\"><a href=\"https:\/\/www.crysalia.ca\/fr\/pour-nous-joindre\/\">Nous joindre<\/a><\/li>\n<li id=\"menu-item-wpml-ls-2-en\"><a title=\"EN\" href=\"https:\/\/www.crysalia.ca\/fr\/politique-de-confidentialite\/\">EN<\/a><\/li>\n<\/ul>\t\t\t\t\n<h1>\n\t\tPolitique de confidentialit\u00e9\n\t<\/h1>\n\t<h3>Consultez notre politique de confidentialit\u00e9 pour voir comment Crysalia prot\u00e8ge vos informations personnelles.<\/h3>\n\t<h2>Fichiers t\u00e9moins<\/h2>\n<p>Dans un souci d&rsquo;am\u00e9lioration continue de la qualit\u00e9 des services propos\u00e9s sur le site Internet de Crysalia et pour mieux r\u00e9pondre \u00e0 vos attentes, Crysalia peut utiliser des fichiers t\u00e9moins, c&rsquo;est-\u00e0-dire des fichiers texte permettant d&rsquo;identifier votre appareil lors de la connexion \u00e0 l&rsquo;un de nos services.<\/p>\n<p>En acc\u00e9dant au site Web, au site mobile ou aux applications mobiles de Crysalia, vous reconnaissez avoir lu les informations qui vous sont fournies concernant le but de tout processus acc\u00e9dant, par transmission \u00e9lectronique, aux informations d\u00e9j\u00e0 stock\u00e9es sur votre appareil (terminal de communications mobile), ou enregistrant des informations dans un tel dispositif (fichiers t\u00e9moins), et reconnaissez en outre que vous connaissez les moyens \u00e0 votre disposition pour refuser un tel processus. Vous reconnaissez que la configuration appropri\u00e9e de votre navigateur Web constitue votre acceptation de la mise en \u0153uvre et de l&rsquo;utilisation des fichiers t\u00e9moins.<\/p>\n<p>Crysalia ne fait pas la collecte de donn\u00e9es personnelles identifiables telles que votre nom, courriel, adresse ou num\u00e9ro de t\u00e9l\u00e9phone lors de votre visite sur ses serveurs et domaines, \u00e0 moins que vous ne les fournissiez volontairement via le lien \u00ab Contactez-nous \u00bb ou tout autre canal de communication accessible au public. Dans ce cas, il est de votre responsabilit\u00e9 de vous assurer que vos coordonn\u00e9es soient exactes. Elles seront utilis\u00e9es uniquement par Crysalia pour r\u00e9pondre \u00e0 votre requ\u00eate.<\/p>\n<p>La confidentialit\u00e9 en ligne \u00e9tant sa principale pr\u00e9occupation, Crysalia soutient les initiatives d&rsquo;autor\u00e9glementation et les lois servant \u00e0 prot\u00e9ger les renseignements personnels des utilisateurs.<\/p>\n<h2>Site Web de Crysalia et Google Analytics<\/h2>\n<p>Comme la plupart des sites Web, ce site utilise Google Analytics (GA) pour suivre les interactions des utilisateurs. Nous utilisons ces donn\u00e9es pour d\u00e9terminer le nombre de personnes utilisant notre site, pour mieux comprendre comment elles trouvent et utilisent nos pages Web et pour voir leur parcours sur le site Web. Bien que GA enregistre des donn\u00e9es telles que votre emplacement g\u00e9ographique, votre appareil, votre navigateur Internet et votre syst\u00e8me d&rsquo;exploitation, aucune de ces informations ne vous identifie personnellement. GA enregistre \u00e9galement l&rsquo;adresse IP de votre ordinateur qui pourrait \u00eatre utilis\u00e9e pour vous identifier personnellement, mais Google ne nous autorise pas \u00e0 y acc\u00e9der. Nous consid\u00e9rons Google comme une tierce partie effectuant le traitement de donn\u00e9es.<\/p>\n<p>GA utilise des fichiers t\u00e9moins, dont les d\u00e9tails peuvent \u00eatre trouv\u00e9s dans les guides du d\u00e9veloppeur de Google. Pour votre information, notre site Web utilise l&rsquo;impl\u00e9mentation analytics.js de GA. La d\u00e9sactivation des fichiers t\u00e9moins sur votre navigateur Internet emp\u00eachera GA de suivre une partie de votre visite sur les pages de ce site Web.<\/p>\n<h2>Partage de donn\u00e9es<\/h2>\n<p>Crysalia ne partage pas de donn\u00e9es avec des tiers.<\/p>\n","protected":false},"excerpt":{"rendered":"<p>Solutions Id\u00e9es Qui nous sommes Carri\u00e8res Nouvelles Nous joindre EN Solutions Id\u00e9es Qui nous sommes Carri\u00e8res Nouvelles Nous joindre EN Politique de confidentialit\u00e9 Consultez notre politique de confidentialit\u00e9 pour voir comment Crysalia prot\u00e8ge vos informations personnelles. Fichiers t\u00e9moins Dans un souci d&rsquo;am\u00e9lioration continue de la qualit\u00e9 des services propos\u00e9s sur le site Internet de Crysalia&hellip;<\/p>\n","protected":false},"author":1,"featured_media":924,"parent":0,"menu_order":0,"comment_status":"closed","ping_status":"open","template":"","meta":{"inline_featured_image":false,"footnotes":""},"class_list":["post-597","page","type-page","status-publish","has-post-thumbnail","hentry"],"yoast_head":"<!-- This site is optimized with the Yoast SEO plugin v24.7 - https:\/\/yoast.com\/wordpress\/plugins\/seo\/ -->\n<title>Politique de Confidentialit\u00e9 - Crysalia<\/title>\n<meta name=\"description\" content=\"Review our privacy policy to see how Crysalia protects your personal information.\" \/>\n<meta name=\"robots\" content=\"index, follow, max-snippet:-1, max-image-preview:large, max-video-preview:-1\" \/>\n<link rel=\"canonical\" href=\"https:\/\/www.crysalia.com\/fr\/politique-de-confidentialite\/\" \/>\n<meta property=\"og:locale\" content=\"fr_FR\" \/>\n<meta property=\"og:type\" content=\"article\" \/>\n<meta property=\"og:title\" content=\"Politique de Confidentialit\u00e9 - Crysalia\" \/>\n<meta property=\"og:description\" content=\"Review our privacy policy to see how Crysalia protects your personal information.\" \/>\n<meta property=\"og:url\" content=\"https:\/\/www.crysalia.com\/fr\/politique-de-confidentialite\/\" \/>\n<meta property=\"og:site_name\" content=\"Crysalia\" \/>\n<meta property=\"article:modified_time\" content=\"2021-05-26T13:25:09+00:00\" \/>\n<meta property=\"og:image\" content=\"https:\/\/www.crysalia.com\/wp-content\/uploads\/2021\/05\/Crysalia_Logo_Lockup_Colour_v2.png\" \/>\n\t<meta property=\"og:image:width\" content=\"1265\" \/>\n\t<meta property=\"og:image:height\" content=\"751\" \/>\n\t<meta property=\"og:image:type\" content=\"image\/png\" \/>\n<meta name=\"twitter:card\" content=\"summary_large_image\" \/>\n<meta name=\"twitter:label1\" content=\"Est. reading time\" \/>\n\t<meta name=\"twitter:data1\" content=\"3 minutes\" \/>\n<script type=\"application\/ld+json\" class=\"yoast-schema-graph\">{\"@context\":\"https:\/\/schema.org\",\"@graph\":[{\"@type\":\"WebPage\",\"@id\":\"https:\/\/www.crysalia.com\/fr\/politique-de-confidentialite\/\",\"url\":\"https:\/\/www.crysalia.com\/fr\/politique-de-confidentialite\/\",\"name\":\"Politique de Confidentialit\u00e9 - Crysalia\",\"isPartOf\":{\"@id\":\"https:\/\/www.crysalia.com\/fr\/#website\"},\"primaryImageOfPage\":{\"@id\":\"https:\/\/www.crysalia.com\/fr\/politique-de-confidentialite\/#primaryimage\"},\"image\":{\"@id\":\"https:\/\/www.crysalia.com\/fr\/politique-de-confidentialite\/#primaryimage\"},\"thumbnailUrl\":\"https:\/\/www.crysalia.com\/wp-content\/uploads\/2021\/05\/Crysalia_Logo_Lockup_Colour_v2.png\",\"datePublished\":\"2021-04-22T17:59:15+00:00\",\"dateModified\":\"2021-05-26T13:25:09+00:00\",\"description\":\"Review our privacy policy to see how Crysalia protects your personal information.\",\"breadcrumb\":{\"@id\":\"https:\/\/www.crysalia.com\/fr\/politique-de-confidentialite\/#breadcrumb\"},\"inLanguage\":\"fr-FR\",\"potentialAction\":[{\"@type\":\"ReadAction\",\"target\":[\"https:\/\/www.crysalia.com\/fr\/politique-de-confidentialite\/\"]}]},{\"@type\":\"ImageObject\",\"inLanguage\":\"fr-FR\",\"@id\":\"https:\/\/www.crysalia.com\/fr\/politique-de-confidentialite\/#primaryimage\",\"url\":\"https:\/\/www.crysalia.com\/wp-content\/uploads\/2021\/05\/Crysalia_Logo_Lockup_Colour_v2.png\",\"contentUrl\":\"https:\/\/www.crysalia.com\/wp-content\/uploads\/2021\/05\/Crysalia_Logo_Lockup_Colour_v2.png\",\"width\":1265,\"height\":751,\"caption\":\"Crysalia Enterprising Family Advisory logo\"},{\"@type\":\"BreadcrumbList\",\"@id\":\"https:\/\/www.crysalia.com\/fr\/politique-de-confidentialite\/#breadcrumb\",\"itemListElement\":[{\"@type\":\"ListItem\",\"position\":1,\"name\":\"Home\",\"item\":\"https:\/\/www.crysalia.com\/fr\/\"},{\"@type\":\"ListItem\",\"position\":2,\"name\":\"Politique de Confidentialit\u00e9\"}]},{\"@type\":\"WebSite\",\"@id\":\"https:\/\/www.crysalia.com\/fr\/#website\",\"url\":\"https:\/\/www.crysalia.com\/fr\/\",\"name\":\"Crysalia\",\"description\":\"Le bureau de la direction de l\u2019apprentissage et du d\u00e9veloppement pour les grandes familles en affaires\",\"publisher\":{\"@id\":\"https:\/\/www.crysalia.com\/fr\/#organization\"},\"potentialAction\":[{\"@type\":\"SearchAction\",\"target\":{\"@type\":\"EntryPoint\",\"urlTemplate\":\"https:\/\/www.crysalia.com\/fr\/?s={search_term_string}\"},\"query-input\":{\"@type\":\"PropertyValueSpecification\",\"valueRequired\":true,\"valueName\":\"search_term_string\"}}],\"inLanguage\":\"fr-FR\"},{\"@type\":\"Organization\",\"@id\":\"https:\/\/www.crysalia.com\/fr\/#organization\",\"name\":\"Crysalia\",\"url\":\"https:\/\/www.crysalia.com\/fr\/\",\"logo\":{\"@type\":\"ImageObject\",\"inLanguage\":\"fr-FR\",\"@id\":\"https:\/\/www.crysalia.com\/fr\/#\/schema\/logo\/image\/\",\"url\":\"https:\/\/www.crysalia.ca\/wp-content\/uploads\/2021\/04\/Crysalia-logo.svg\",\"contentUrl\":\"https:\/\/www.crysalia.ca\/wp-content\/uploads\/2021\/04\/Crysalia-logo.svg\",\"width\":\"1024\",\"height\":\"1024\",\"caption\":\"Crysalia\"},\"image\":{\"@id\":\"https:\/\/www.crysalia.com\/fr\/#\/schema\/logo\/image\/\"},\"sameAs\":[\"https:\/\/www.linkedin.com\/company\/crysalia\/\"]}]}<\/script>\n<!-- \/ Yoast SEO plugin. -->","yoast_head_json":{"title":"Politique de Confidentialit\u00e9 - Crysalia","description":"Review our privacy policy to see how Crysalia protects your personal information.","robots":{"index":"index","follow":"follow","max-snippet":"max-snippet:-1","max-image-preview":"max-image-preview:large","max-video-preview":"max-video-preview:-1"},"canonical":"https:\/\/www.crysalia.com\/fr\/politique-de-confidentialite\/","og_locale":"fr_FR","og_type":"article","og_title":"Politique de Confidentialit\u00e9 - Crysalia","og_description":"Review our privacy policy to see how Crysalia protects your personal information.","og_url":"https:\/\/www.crysalia.com\/fr\/politique-de-confidentialite\/","og_site_name":"Crysalia","article_modified_time":"2021-05-26T13:25:09+00:00","og_image":[{"width":1265,"height":751,"url":"https:\/\/www.crysalia.com\/wp-content\/uploads\/2021\/05\/Crysalia_Logo_Lockup_Colour_v2.png","type":"image\/png"}],"twitter_card":"summary_large_image","twitter_misc":{"Est. reading time":"3 minutes"},"schema":{"@context":"https:\/\/schema.org","@graph":[{"@type":"WebPage","@id":"https:\/\/www.crysalia.com\/fr\/politique-de-confidentialite\/","url":"https:\/\/www.crysalia.com\/fr\/politique-de-confidentialite\/","name":"Politique de Confidentialit\u00e9 - Crysalia","isPartOf":{"@id":"https:\/\/www.crysalia.com\/fr\/#website"},"primaryImageOfPage":{"@id":"https:\/\/www.crysalia.com\/fr\/politique-de-confidentialite\/#primaryimage"},"image":{"@id":"https:\/\/www.crysalia.com\/fr\/politique-de-confidentialite\/#primaryimage"},"thumbnailUrl":"https:\/\/www.crysalia.com\/wp-content\/uploads\/2021\/05\/Crysalia_Logo_Lockup_Colour_v2.png","datePublished":"2021-04-22T17:59:15+00:00","dateModified":"2021-05-26T13:25:09+00:00","description":"Review our privacy policy to see how Crysalia protects your personal information.","breadcrumb":{"@id":"https:\/\/www.crysalia.com\/fr\/politique-de-confidentialite\/#breadcrumb"},"inLanguage":"fr-FR","potentialAction":[{"@type":"ReadAction","target":["https:\/\/www.crysalia.com\/fr\/politique-de-confidentialite\/"]}]},{"@type":"ImageObject","inLanguage":"fr-FR","@id":"https:\/\/www.crysalia.com\/fr\/politique-de-confidentialite\/#primaryimage","url":"https:\/\/www.crysalia.com\/wp-content\/uploads\/2021\/05\/Crysalia_Logo_Lockup_Colour_v2.png","contentUrl":"https:\/\/www.crysalia.com\/wp-content\/uploads\/2021\/05\/Crysalia_Logo_Lockup_Colour_v2.png","width":1265,"height":751,"caption":"Crysalia Enterprising Family Advisory logo"},{"@type":"BreadcrumbList","@id":"https:\/\/www.crysalia.com\/fr\/politique-de-confidentialite\/#breadcrumb","itemListElement":[{"@type":"ListItem","position":1,"name":"Home","item":"https:\/\/www.crysalia.com\/fr\/"},{"@type":"ListItem","position":2,"name":"Politique de Confidentialit\u00e9"}]},{"@type":"WebSite","@id":"https:\/\/www.crysalia.com\/fr\/#website","url":"https:\/\/www.crysalia.com\/fr\/","name":"Crysalia","description":"Le bureau de la direction de l\u2019apprentissage et du d\u00e9veloppement pour les grandes familles en affaires","publisher":{"@id":"https:\/\/www.crysalia.com\/fr\/#organization"},"potentialAction":[{"@type":"SearchAction","target":{"@type":"EntryPoint","urlTemplate":"https:\/\/www.crysalia.com\/fr\/?s={search_term_string}"},"query-input":{"@type":"PropertyValueSpecification","valueRequired":true,"valueName":"search_term_string"}}],"inLanguage":"fr-FR"},{"@type":"Organization","@id":"https:\/\/www.crysalia.com\/fr\/#organization","name":"Crysalia","url":"https:\/\/www.crysalia.com\/fr\/","logo":{"@type":"ImageObject","inLanguage":"fr-FR","@id":"https:\/\/www.crysalia.com\/fr\/#\/schema\/logo\/image\/","url":"https:\/\/www.crysalia.ca\/wp-content\/uploads\/2021\/04\/Crysalia-logo.svg","contentUrl":"https:\/\/www.crysalia.ca\/wp-content\/uploads\/2021\/04\/Crysalia-logo.svg","width":"1024","height":"1024","caption":"Crysalia"},"image":{"@id":"https:\/\/www.crysalia.com\/fr\/#\/schema\/logo\/image\/"},"sameAs":["https:\/\/www.linkedin.com\/company\/crysalia\/"]}]}},"_links":{"self":[{"href":"https:\/\/www.crysalia.com\/fr\/wp-json\/wp\/v2\/pages\/597","targetHints":{"allow":["GET"]}}],"collection":[{"href":"https:\/\/www.crysalia.com\/fr\/wp-json\/wp\/v2\/pages"}],"about":[{"href":"https:\/\/www.crysalia.com\/fr\/wp-json\/wp\/v2\/types\/page"}],"author":[{"embeddable":true,"href":"https:\/\/www.crysalia.com\/fr\/wp-json\/wp\/v2\/users\/1"}],"replies":[{"embeddable":true,"href":"https:\/\/www.crysalia.com\/fr\/wp-json\/wp\/v2\/comments?post=597"}],"version-history":[{"count":5,"href":"https:\/\/www.crysalia.com\/fr\/wp-json\/wp\/v2\/pages\/597\/revisions"}],"predecessor-version":[{"id":948,"href":"https:\/\/www.crysalia.com\/fr\/wp-json\/wp\/v2\/pages\/597\/revisions\/948"}],"wp:featuredmedia":[{"embeddable":true,"href":"https:\/\/www.crysalia.com\/fr\/wp-json\/wp\/v2\/media\/924"}],"wp:attachment":[{"href":"https:\/\/www.crysalia.com\/fr\/wp-json\/wp\/v2\/media?parent=597"}],"curies":[{"name":"wp","href":"https:\/\/api.w.org\/{rel}","templated":true}]}}